{"id":672,"date":"2021-01-07T10:29:28","date_gmt":"2021-01-07T10:29:28","guid":{"rendered":"https:\/\/www.dksb-nordenham.de\/?page_id=672"},"modified":"2024-02-13T08:20:52","modified_gmt":"2024-02-13T08:20:52","slug":"kinderhaus-blauer-elefant-nordenham","status":"publish","type":"page","link":"https:\/\/www.dksb-nordenham.de\/index.php\/was-wir-tun\/kinderhaus-blauer-elefant-nordenham\/","title":{"rendered":"Lernf\u00f6rderung und Hausaufgabenbetreuung"},"content":{"rendered":"<h5>Sch\u00fcler der 1. bis zur 10. Klasse sowie Berufssch\u00fcler<\/h5>\n<h1>Lernf\u00f6rderung und Hausaufgabenbetreuung<\/h1>\n<div>\n<p>Wir schauen auf die St\u00e4rken jedes Kindes und helfen, diese auszubauen und gezielt zu nutzen. Gleichzeitig geben wir den Kindern ganz individuelle Strategien an die Hand, aufgetretene Probleme in den Griff zu bekommen und vermitteln dazu bew\u00e4hrte Methoden und grundlegende Fertigkeiten.<\/p>\n<p>Neben der Unterst\u00fctzung in schulischen Belangen beteiligen sich die Sch\u00fclerinnen und Sch\u00fcler immer wieder an kleinen Projekten.<\/p>\n<p>Wir sind f\u00fcr Sie da &#8211; kommen Sie vorbei.<\/p>\n<\/div>\n<h3>\n<p>Wir bieten Lernf\u00f6rderung f\u00fcr die 1. bis 10. Klasse sowie f\u00fcr Berufssch\u00fcler an folgenden Standorten an:<\/p>\n<\/h3>\n<div>\n<p>\u2022 Deutscher Kinderschutzbund, Herbertstr. 3, Nordenham\u00a0<br \/>\u2022 Grundschule S\u00fcd <br \/>\u2022 Grundschule Einswarden<br \/>\u2022 Grundschule Atens<br \/>\u2022 Grundschule Abbehausen<br \/>\u2022 Mehrgenerationenhaus, Viktoriastr. 16, Nordenham<br \/>\u2022 Kinderhaus Blauer Elefant, Zum Slip 1, Einswarden-Nordenham<\/p>\n<p>im Rahmen des Bildungs- und Teilhabepakets an. Leistungsberechtigt sind alle Familien die <strong>Arbeitslosengeld II, Wohngeld oder Kindergeldzuschlag, Sozialhilfe, Asylleistungen\u00a0<\/strong>erhalten. Antr\u00e4ge f\u00fcr die Lernf\u00f6rderung erhalten Sie bei uns oder bei den zust\u00e4ndigen \u00c4mtern.<\/p>\n<p>Bei Interesse melden Sie sich unter der Telefonnummer <strong>04731\/269465<\/strong> oder per Mail \u00fcber <a href=\"mailto:geschaeftsstelle@dksb-nordenham.de\">geschaeftsstelle@dksb-nordenham.de<\/a> bei uns. Ansprechpartnerinnen sind <strong>Olga Harms<\/strong> und <strong>Mareike Bauch<\/strong><\/p>\n<\/div>\n<ul>\n<li>\n<h3>Kinderhaus Blauer Elefant | Zum Slip 1<\/h3>\n<p>Ansprechpartnerin: Irina Hoffmann &#8211; Lehrerin f\u00fcr russische Sprache und Literatur<\/p>\n<div>\n<p>Mo 14.00 bis 18.00 Uhr, Di und Mi 14.00 bis 16.30 Uhr,\u00a0 Do von 14.00 bis 18.00 Uhr<\/p>\n<\/div>\n<\/li>\n<li>\n<h3>Familien- und Kinderserviceb\u00fcro | Herbertstra\u00dfe 3<\/h3>\n<p>Ansprechpartnerin Mareike Bauch &#8211; Bachelor of Arts (BWL), Schulbegleiterin<\/p>\n<div>\n<p>Mo bis Do von 14.00 bis 18.00 Uhr<\/p>\n<\/div>\n<\/li>\n<li>\n<h3>Mehrgenerationenhaus | Viktoriastra\u00dfe 16<\/h3>\n<p>Ansprechpartnerin: Ute Stange &#8211; Dipl. \u00d6konomin<\/p>\n<div>\n<p>Mo bis Do von 14.00 bis 16.00 Uhr<\/p>\n<\/div>\n<\/li>\n<li>\n<h3>Grundschule Atens<\/h3>\n<p>Ansprechpartnerin: Angelika M\u00fcller &#8211; P\u00e4d. Mitarbeiterin in Grundschulen, Schulbegleiterin, B\u00fcrokauffrau<\/p>\n<div>\n<p>Mo bis Do von 14.00 bis 16.30 Uhr<\/p>\n<\/div>\n<\/li>\n<li>\n<h3>Grundschule S\u00fcd | S\u00fcdstra\u00dfe 22<\/h3>\n<p>Ansprechpartnerin: Kerstin Ludwig-Reinstrom &#8211; Dipl. \u00d6konomin, Schulbegleiterin<\/p>\n<div>\n<p>Mo bis Do von 13.30 bis 15.30 Uhr<\/p>\n<\/div>\n<\/li>\n<li>\n<h3>Grundschule Einswarden | An den Wurten 39<\/h3>\n<p>Ansprechpartnerin: Sabine Miek-Rebehn &#8211; Verwaltungsfachangestellte<\/p>\n<div>\n<p>Mo bis Do von 13.30 bis 15.30 Uhr<\/p>\n<\/div>\n<\/li>\n<li>\n<h3>Grundschule Abbehausen | Am Schulhof 1<\/h3>\n<p>Ansprechpartnerin: Nijole Morkunaite, Dipl &#8211; Philologin <\/p>\n<div>\n<p>Mo bis Do von 13.30 bis 15.30 Uhr<\/p>\n<\/div>\n<\/li>\n<li>\n<h3>Grundschule FAH I Margaretenstrasse 30<\/h3>\n<p>Ansprechpartnerin: Olga Harms  &#8211; B.A. Interkulturelle Bildung und Beratung<\/p>\n<div>\n<p>Mo bis Do von 13.30 bis 15.30 Uhr<\/p>\n<\/div>\n<\/li>\n<\/ul>\n<p><img decoding=\"async\" data-src=\"\/wp-content\/uploads\/2021\/01\/lernhilfe.jpg\" alt=\"\" src=\"data:image\/svg+xml;base64,PHN2ZyB3aWR0aD0iMSIgaGVpZ2h0PSIxIiB4bWxucz0iaHR0cDovL3d3dy53My5vcmcvMjAwMC9zdmciPjwvc3ZnPg==\" class=\"lazyload\" style=\"--smush-placeholder-width: 1500px; --smush-placeholder-aspect-ratio: 1500\/1059;\"><\/p>\n<div>Unser Team Hausaufgabenhilfe und Lernf\u00f6rderung<\/div>\n<ul>\n<li>\n<p>        <img decoding=\"async\" data-src=\"\/wp-content\/uploads\/2021\/10\/186A3926_swangelika.jpg\" alt=\"\" src=\"data:image\/svg+xml;base64,PHN2ZyB3aWR0aD0iMSIgaGVpZ2h0PSIxIiB4bWxucz0iaHR0cDovL3d3dy53My5vcmcvMjAwMC9zdmciPjwvc3ZnPg==\" class=\"lazyload\" style=\"--smush-placeholder-width: 2000px; --smush-placeholder-aspect-ratio: 2000\/1333;\"><\/p>\n<h2>Angelika M\u00fcller<\/h2>\n<p>B\u00fcrokauffrau, Schulbegleiterin, Teamleitung Lernf\u00f6rderung GS Atens<\/p>\n<\/li>\n<li>\n<p>        <img decoding=\"async\" data-src=\"\/wp-content\/uploads\/2021\/04\/186A1350_.jpg\" alt=\"\" src=\"data:image\/svg+xml;base64,PHN2ZyB3aWR0aD0iMSIgaGVpZ2h0PSIxIiB4bWxucz0iaHR0cDovL3d3dy53My5vcmcvMjAwMC9zdmciPjwvc3ZnPg==\" class=\"lazyload\" style=\"--smush-placeholder-width: 1600px; --smush-placeholder-aspect-ratio: 1600\/1067;\"><\/p>\n<h2>Bettina Eggert<\/h2>\n<p>Lehrerin, Lernf\u00f6rderung GS Atens<\/p>\n<\/li>\n<li>\n<p>        <img decoding=\"async\" data-src=\"\/wp-content\/uploads\/2021\/04\/186A1432_.jpg\" alt=\"\" src=\"data:image\/svg+xml;base64,PHN2ZyB3aWR0aD0iMSIgaGVpZ2h0PSIxIiB4bWxucz0iaHR0cDovL3d3dy53My5vcmcvMjAwMC9zdmciPjwvc3ZnPg==\" class=\"lazyload\" style=\"--smush-placeholder-width: 1600px; --smush-placeholder-aspect-ratio: 1600\/1067;\"><\/p>\n<h2>Sigrid Brendel<\/h2>\n<p>Erzieherin, Teamleitung Lernf\u00f6rderung Mehrgenerationenhaus<\/p>\n<\/li>\n<li>\n<p>        <img decoding=\"async\" data-src=\"\/wp-content\/uploads\/2020\/09\/DKSB_Logo-Nordenham.png\" alt=\"\" src=\"data:image\/svg+xml;base64,PHN2ZyB3aWR0aD0iMSIgaGVpZ2h0PSIxIiB4bWxucz0iaHR0cDovL3d3dy53My5vcmcvMjAwMC9zdmciPjwvc3ZnPg==\" class=\"lazyload\" style=\"--smush-placeholder-width: 946px; --smush-placeholder-aspect-ratio: 946\/355;\"><\/p>\n<h2>Claudia Kimmel<\/h2>\n<p>B\u00fcrokauffrau, Lernf\u00f6rderung Mehrgenerationenhaus<\/p>\n<\/li>\n<li>\n<p>        <img decoding=\"async\" data-src=\"\/wp-content\/uploads\/2021\/04\/186A1331_.jpg\" alt=\"\" src=\"data:image\/svg+xml;base64,PHN2ZyB3aWR0aD0iMSIgaGVpZ2h0PSIxIiB4bWxucz0iaHR0cDovL3d3dy53My5vcmcvMjAwMC9zdmciPjwvc3ZnPg==\" class=\"lazyload\" style=\"--smush-placeholder-width: 1600px; --smush-placeholder-aspect-ratio: 1600\/1067;\"><\/p>\n<h2>Ute Stange<\/h2>\n<p>Dipl. \u00d6konomin, Teamleitung Lernf\u00f6rderung Herbertstr. 3<\/p>\n<\/li>\n<li>\n<p>        <img decoding=\"async\" data-src=\"\/wp-content\/uploads\/2021\/04\/186A1383_.jpg\" alt=\"\" src=\"data:image\/svg+xml;base64,PHN2ZyB3aWR0aD0iMSIgaGVpZ2h0PSIxIiB4bWxucz0iaHR0cDovL3d3dy53My5vcmcvMjAwMC9zdmciPjwvc3ZnPg==\" class=\"lazyload\" style=\"--smush-placeholder-width: 1600px; --smush-placeholder-aspect-ratio: 1600\/1067;\"><\/p>\n<h2>Kerstin Ludwig-Reinstrom<\/h2>\n<p>Dipl. \u00d6konomin, P\u00e4d. Mitarbeiterin, Teamleitung Lernf\u00f6rderung GS<\/p>\n<\/li>\n<li>\n<p>        <img decoding=\"async\" data-src=\"\/wp-content\/uploads\/2020\/09\/DKSB_Logo-Nordenham.png\" alt=\"\" src=\"data:image\/svg+xml;base64,PHN2ZyB3aWR0aD0iMSIgaGVpZ2h0PSIxIiB4bWxucz0iaHR0cDovL3d3dy53My5vcmcvMjAwMC9zdmciPjwvc3ZnPg==\" class=\"lazyload\" style=\"--smush-placeholder-width: 946px; --smush-placeholder-aspect-ratio: 946\/355;\"><\/p>\n<h2>Kerstin Heeren<\/h2>\n<p>Lernf\u00f6rderung GS S\u00fcd<\/p>\n<\/li>\n<li>\n<p>        <img decoding=\"async\" data-src=\"\/wp-content\/uploads\/2021\/04\/186A1418_.jpg\" alt=\"\" src=\"data:image\/svg+xml;base64,PHN2ZyB3aWR0aD0iMSIgaGVpZ2h0PSIxIiB4bWxucz0iaHR0cDovL3d3dy53My5vcmcvMjAwMC9zdmciPjwvc3ZnPg==\" class=\"lazyload\" style=\"--smush-placeholder-width: 1600px; --smush-placeholder-aspect-ratio: 1600\/1067;\"><\/p>\n<h2>Irina Hoffmann<\/h2>\n<p>Lehrerin, Teamleitung Lernf\u00f6rderung Kinderhaus BLAUER ELEFANT<\/p>\n<\/li>\n<\/ul>\n<p><!--more--><br \/>\n<!-- {\"name\":\"Post Index\",\"type\":\"layout\",\"children\":[{\"type\":\"section\",\"props\":{\"image\":\"wp-content\\\/uploads\\\/2021\\\/01\\\/hausaufgaben.jpg\",\"image_position\":\"center-center\",\"image_size\":\"cover\",\"media_overlay\":\"rgba(1, 97, 174, 0.59)\",\"overlap\":false,\"style\":\"primary\",\"title_breakpoint\":\"xl\",\"title_position\":\"top-left\",\"title_rotation\":\"left\",\"vertical_align\":\"middle\",\"width\":\"default\"},\"children\":[{\"type\":\"row\",\"props\":{\"layout\":\"1-2,1-2\"},\"children\":[{\"type\":\"column\",\"props\":{\"image_position\":\"center-center\",\"position_sticky_breakpoint\":\"m\",\"width_medium\":\"1-2\"}},{\"type\":\"column\",\"props\":{\"image_position\":\"center-center\",\"position_sticky_breakpoint\":\"m\",\"width_medium\":\"1-2\"},\"children\":[{\"type\":\"headline\",\"props\":{\"content\":\"Sch\\u00fcler der 1. bis zur 10. Klasse sowie Berufssch\\u00fcler\",\"margin\":\"small\",\"margin_remove_bottom\":true,\"title_element\":\"h5\"}},{\"type\":\"headline\",\"props\":{\"content\":\"Lernf\\u00f6rderung und Hausaufgabenbetreuung\",\"margin\":\"small\",\"title_element\":\"h1\",\"title_style\":\"heading-small\"}},{\"type\":\"text\",\"props\":{\"column_breakpoint\":\"m\",\"content\":\"\n\n<p>Wir schauen auf die St\\u00e4rken jedes Kindes und helfen, diese auszubauen und gezielt zu nutzen. Gleichzeitig geben wir den Kindern ganz individuelle Strategien an die Hand, aufgetretene Probleme in den Griff zu bekommen und vermitteln dazu bew\\u00e4hrte Methoden und grundlegende Fertigkeiten.<\\\/p>\\n\n\n<p>Neben der Unterst\\u00fctzung in schulischen Belangen beteiligen sich die Sch\\u00fclerinnen und Sch\\u00fcler immer wieder an kleinen Projekten.<\\\/p>\\n\n\n<p>Wir sind f\\u00fcr Sie da - kommen Sie vorbei.<\\\/p>\",\"margin\":\"default\"}}]}]}]},{\"type\":\"section\",\"props\":{\"image_position\":\"center-left\",\"image_size\":\"contain\",\"overlap\":false,\"padding_remove_bottom\":true,\"style\":\"default\",\"title_breakpoint\":\"xl\",\"title_position\":\"top-left\",\"title_rotation\":\"left\",\"vertical_align\":\"middle\",\"width\":\"large\"},\"children\":[{\"type\":\"row\",\"props\":{\"layout\":\"1-3,2-3\",\"margin\":\"small\",\"margin_remove_bottom\":true},\"children\":[{\"type\":\"column\",\"props\":{\"image_position\":\"center-center\",\"position_sticky_breakpoint\":\"m\",\"width_medium\":\"1-3\"},\"children\":[{\"type\":\"headline\",\"props\":{\"content\":\"\n\n<p>Wir bieten Lernf\\u00f6rderung f\\u00fcr die 1. bis 10. Klasse sowie f\\u00fcr Berufssch\\u00fcler an folgenden Standorten an:<\\\/p>\",\"title_element\":\"h3\"}},{\"type\":\"text\",\"props\":{\"column_breakpoint\":\"m\",\"content\":\"\n\n<p>\\u2022 Deutscher Kinderschutzbund, Herbertstr. 3, Nordenham\\u00a0<br \\\/>\\u2022 Grundschule S\\u00fcd <br \\\/>\\u2022 Grundschule Einswarden<br \\\/>\\u2022 Grundschule Atens<br \\\/>\\u2022 Grundschule Abbehausen<br \\\/>\\u2022 Mehrgenerationenhaus, Viktoriastr. 16, Nordenham<br \\\/>\\u2022 Kinderhaus Blauer Elefant, Zum Slip 1, Einswarden-Nordenham<\\\/p>\\n\n\n<p>im Rahmen des Bildungs- und Teilhabepakets an. Leistungsberechtigt sind alle Familien die <strong>Arbeitslosengeld II, Wohngeld oder Kindergeldzuschlag, Sozialhilfe, Asylleistungen\\u00a0<\\\/strong>erhalten. Antr\\u00e4ge f\\u00fcr die Lernf\\u00f6rderung erhalten Sie bei uns oder bei den zust\\u00e4ndigen \\u00c4mtern.<\\\/p>\\n\n\n<p>Bei Interesse melden Sie sich unter der Telefonnummer <strong>04731\\\/269465<\\\/strong> oder per Mail \\u00fcber <a href=\\\"mailto:geschaeftsstelle@dksb-nordenham.de\\\">geschaeftsstelle@dksb-nordenham.de<\\\/a> bei uns. Ansprechpartnerinnen sind <strong>Olga Harms<\\\/strong> und <strong>Mareike Bauch<\\\/strong><\\\/p>\",\"margin\":\"default\"}}]},{\"type\":\"column\",\"props\":{\"image_position\":\"center-center\",\"position_sticky_breakpoint\":\"m\",\"width_medium\":\"2-3\"},\"children\":[{\"type\":\"description_list\",\"props\":{\"column_breakpoint\":\"m\",\"layout\":\"grid-2\",\"list_element\":\"ul\",\"list_style\":\"divider\",\"meta_align\":\"below-content\",\"meta_style\":\"text-meta\",\"show_content\":true,\"show_link\":true,\"show_meta\":true,\"show_title\":true,\"title_element\":\"div\",\"title_grid_column_gap\":\"small\",\"title_grid_row_gap\":\"large\",\"title_grid_width\":\"medium\",\"title_style\":\"text-bold\"},\"children\":[{\"type\":\"description_list_item\",\"props\":{\"content\":\"\n\n<p>Mo 14.00 bis 18.00 Uhr, Di und Mi 14.00 bis 16.30 Uhr,\\u00a0 Do von 14.00 bis 18.00 Uhr<\\\/p>\",\"meta\":\"Ansprechpartnerin: Irina Hoffmann - Lehrerin f\\u00fcr russische Sprache und Literatur\",\"title\":\"Kinderhaus Blauer Elefant | Zum Slip 1\"}},{\"type\":\"description_list_item\",\"props\":{\"content\":\"\n\n<p>Mo bis Do von 14.00 bis 18.00 Uhr<\\\/p>\",\"meta\":\"Ansprechpartnerin Mareike Bauch - Bachelor of Arts (BWL), Schulbegleiterin\",\"title\":\"Familien- und Kinderserviceb\\u00fcro | Herbertstra\\u00dfe 3\"}},{\"type\":\"description_list_item\",\"props\":{\"content\":\"\n\n<p>Mo bis Do von 14.00 bis 16.00 Uhr<\\\/p>\",\"meta\":\"Ansprechpartnerin: Ute Stange - Dipl. \\u00d6konomin\",\"title\":\"Mehrgenerationenhaus | Viktoriastra\\u00dfe 16\"}},{\"type\":\"description_list_item\",\"props\":{\"content\":\"\n\n<p>Mo bis Do von 14.00 bis 16.30 Uhr<\\\/p>\",\"meta\":\"Ansprechpartnerin: Angelika M\\u00fcller - P\\u00e4d. Mitarbeiterin in Grundschulen, Schulbegleiterin, B\\u00fcrokauffrau\",\"title\":\"Grundschule Atens\"}},{\"type\":\"description_list_item\",\"props\":{\"content\":\"\n\n<p>Mo bis Do von 13.30 bis 15.30 Uhr<\\\/p>\",\"meta\":\"Ansprechpartnerin: Kerstin Ludwig-Reinstrom - Dipl. \\u00d6konomin, Schulbegleiterin\",\"title\":\"Grundschule S\\u00fcd | S\\u00fcdstra\\u00dfe 22\"}},{\"type\":\"description_list_item\",\"props\":{\"content\":\"\n\n<p>Mo bis Do von 13.30 bis 15.30 Uhr<\\\/p>\",\"meta\":\"Ansprechpartnerin: Sabine Miek-Rebehn - Verwaltungsfachangestellte\",\"title\":\"Grundschule Einswarden | An den Wurten 39\"}},{\"type\":\"description_list_item\",\"props\":{\"content\":\"\n\n<p>Mo bis Do von 13.30 bis 15.30 Uhr<\\\/p>\",\"meta\":\"Ansprechpartnerin: Nijole Morkunaite, Dipl - Philologin \",\"title\":\"Grundschule Abbehausen | Am Schulhof 1\"}},{\"type\":\"description_list_item\",\"props\":{\"content\":\"\n\n<p>Mo bis Do von 13.30 bis 15.30 Uhr<\\\/p>\",\"meta\":\"Ansprechpartnerin: Olga Harms  - B.A. Interkulturelle Bildung und Beratung\",\"title\":\"Grundschule FAH I Margaretenstrasse 30\"}}]},{\"type\":\"image\",\"props\":{\"image\":\"wp-content\\\/uploads\\\/2021\\\/01\\\/lernhilfe.jpg\",\"image_svg_color\":\"emphasis\",\"image_width\":\"500\",\"margin\":\"default\",\"margin_remove_bottom\":true}}]}]}]},{\"name\":\"Team\",\"type\":\"section\",\"props\":{\"image_position\":\"center-center\",\"padding\":\"large\",\"style\":\"muted\",\"title_breakpoint\":\"xl\",\"title_position\":\"top-left\",\"title_rotation\":\"left\",\"vertical_align\":\"middle\",\"width\":\"xlarge\"},\"children\":[{\"type\":\"row\",\"children\":[{\"type\":\"column\",\"props\":{\"image_position\":\"center-center\",\"position_sticky_breakpoint\":\"m\",\"width_medium\":\"1-1\"},\"children\":[{\"type\":\"headline\",\"props\":{\"content\":\"Unser Team Hausaufgabenhilfe und Lernf\\u00f6rderung\",\"text_align\":\"center\",\"title_element\":\"div\",\"title_style\":\"h2\"}},{\"type\":\"grid\",\"props\":{\"content_column_breakpoint\":\"m\",\"filter_align\":\"left\",\"filter_all\":true,\"filter_grid_breakpoint\":\"m\",\"filter_grid_width\":\"auto\",\"filter_position\":\"top\",\"filter_style\":\"tab\",\"grid_default\":\"2\",\"grid_large\":\"4\",\"grid_medium\":\"3\",\"icon_width\":80,\"image_align\":\"top\",\"image_border\":\"circle\",\"image_grid_breakpoint\":\"m\",\"image_grid_width\":\"1-2\",\"image_height\":\"300\",\"image_svg_color\":\"emphasis\",\"image_width\":\"300\",\"item_animation\":true,\"link_style\":\"default\",\"link_text\":\"Read more\",\"margin\":\"large\",\"meta_align\":\"below-title\",\"meta_element\":\"div\",\"meta_margin\":\"small\",\"meta_style\":\"\",\"parallax_easing\":\"1\",\"show_content\":true,\"show_image\":true,\"show_link\":true,\"show_meta\":true,\"show_title\":true,\"text_align\":\"center\",\"title_align\":\"top\",\"title_element\":\"h2\",\"title_grid_breakpoint\":\"m\",\"title_grid_width\":\"1-2\",\"title_hover_style\":\"reset\",\"title_style\":\"h4\"},\"children\":[{\"type\":\"grid_item\",\"props\":{\"image\":\"wp-content\\\/uploads\\\/2021\\\/10\\\/186A3926_swangelika.jpg\",\"meta\":\"B\\u00fcrokauffrau, Schulbegleiterin, Teamleitung Lernf\\u00f6rderung GS Atens\",\"title\":\"Angelika M\\u00fcller\"}},{\"type\":\"grid_item\",\"props\":{\"image\":\"wp-content\\\/uploads\\\/2021\\\/04\\\/186A1350_.jpg\",\"meta\":\"Lehrerin, Lernf\\u00f6rderung GS Atens\",\"title\":\"Bettina Eggert\"}},{\"type\":\"grid_item\",\"props\":{\"image\":\"wp-content\\\/uploads\\\/2021\\\/04\\\/186A1432_.jpg\",\"meta\":\"Erzieherin, Teamleitung Lernf\\u00f6rderung Mehrgenerationenhaus\",\"title\":\"Sigrid Brendel\"}},{\"type\":\"grid_item\",\"props\":{\"image\":\"wp-content\\\/uploads\\\/2020\\\/09\\\/DKSB_Logo-Nordenham.png\",\"meta\":\"B\\u00fcrokauffrau, Lernf\\u00f6rderung Mehrgenerationenhaus\",\"title\":\"Claudia Kimmel\"}},{\"type\":\"grid_item\",\"props\":{\"image\":\"wp-content\\\/uploads\\\/2021\\\/04\\\/186A1331_.jpg\",\"meta\":\"Dipl. \\u00d6konomin, Teamleitung Lernf\\u00f6rderung Herbertstr. 3\",\"title\":\"Ute Stange\"}},{\"type\":\"grid_item\",\"props\":{\"image\":\"wp-content\\\/uploads\\\/2021\\\/04\\\/186A1383_.jpg\",\"meta\":\"Dipl. \\u00d6konomin, P\\u00e4d. Mitarbeiterin, Teamleitung Lernf\\u00f6rderung GS\",\"title\":\"Kerstin Ludwig-Reinstrom\"}},{\"type\":\"grid_item\",\"props\":{\"image\":\"wp-content\\\/uploads\\\/2021\\\/04\\\/186A1390_.jpg\",\"meta\":\"Philogin, Lehrerin, Teamleitung Lernf\\u00f6rderung GS Abbehausen\",\"status\":\"disabled\",\"title\":\"Nijole Morkunaite\"}},{\"type\":\"grid_item\",\"props\":{\"image\":\"wp-content\\\/uploads\\\/2020\\\/09\\\/DKSB_Logo-Nordenham.png\",\"meta\":\"Lernf\\u00f6rderung GS S\\u00fcd\",\"title\":\"Kerstin Heeren\"}},{\"type\":\"grid_item\",\"props\":{\"image\":\"wp-content\\\/uploads\\\/2021\\\/04\\\/186A1363_.jpg\",\"meta\":\"Verwaltungsfachangestellte, Teamleitung Lernf\\u00f6rderung GS Einswarden\",\"status\":\"disabled\",\"title\":\"Sabine Miek-Rebehn\"}},{\"type\":\"grid_item\",\"props\":{\"image\":\"wp-content\\\/uploads\\\/2021\\\/04\\\/186A1418_.jpg\",\"meta\":\"Lehrerin, Teamleitung Lernf\\u00f6rderung Kinderhaus BLAUER ELEFANT\",\"title\":\"Irina Hoffmann\"}}]}]}]}]}],\"version\":\"4.3.3\"} --><\/p>\n","protected":false},"excerpt":{"rendered":"<p>Sch\u00fcler der 1. bis zur 10. Klasse sowie Berufssch\u00fcler Lernf\u00f6rderung und Hausaufgabenbetreuung Wir schauen auf die St\u00e4rken jedes Kindes und helfen, diese auszubauen und gezielt zu nutzen. Gleichzeitig geben wir den Kindern ganz individuelle Strategien an die Hand, aufgetretene Probleme in den Griff zu bekommen und vermitteln dazu bew\u00e4hrte Methoden und grundlegende Fertigkeiten. Neben der [&hellip;]<\/p>\n","protected":false},"author":2,"featured_media":0,"parent":18,"menu_order":0,"comment_status":"closed","ping_status":"closed","template":"","meta":{"footnotes":""},"class_list":["post-672","page","type-page","status-publish","hentry"],"_links":{"self":[{"href":"https:\/\/www.dksb-nordenham.de\/index.php\/wp-json\/wp\/v2\/pages\/672","targetHints":{"allow":["GET"]}}],"collection":[{"href":"https:\/\/www.dksb-nordenham.de\/index.php\/wp-json\/wp\/v2\/pages"}],"about":[{"href":"https:\/\/www.dksb-nordenham.de\/index.php\/wp-json\/wp\/v2\/types\/page"}],"author":[{"embeddable":true,"href":"https:\/\/www.dksb-nordenham.de\/index.php\/wp-json\/wp\/v2\/users\/2"}],"replies":[{"embeddable":true,"href":"https:\/\/www.dksb-nordenham.de\/index.php\/wp-json\/wp\/v2\/comments?post=672"}],"version-history":[{"count":65,"href":"https:\/\/www.dksb-nordenham.de\/index.php\/wp-json\/wp\/v2\/pages\/672\/revisions"}],"predecessor-version":[{"id":1374,"href":"https:\/\/www.dksb-nordenham.de\/index.php\/wp-json\/wp\/v2\/pages\/672\/revisions\/1374"}],"up":[{"embeddable":true,"href":"https:\/\/www.dksb-nordenham.de\/index.php\/wp-json\/wp\/v2\/pages\/18"}],"wp:attachment":[{"href":"https:\/\/www.dksb-nordenham.de\/index.php\/wp-json\/wp\/v2\/media?parent=672"}],"curies":[{"name":"wp","href":"https:\/\/api.w.org\/{rel}","templated":true}]}}