{"id":491,"date":"2021-01-06T09:35:55","date_gmt":"2021-01-06T09:35:55","guid":{"rendered":"https:\/\/www.dksb-nordenham.de\/?page_id=491"},"modified":"2021-04-20T09:08:00","modified_gmt":"2021-04-20T09:08:00","slug":"starke-eltern-starke-kinder","status":"publish","type":"page","link":"https:\/\/www.dksb-nordenham.de\/index.php\/was-wir-tun\/starke-eltern-starke-kinder\/","title":{"rendered":"Starke Eltern \u2013 Starke Kinder\u00ae"},"content":{"rendered":"<h1>Starke Eltern \u2013 Starke Kinder<sup>\u00ae<\/sup><\/h1>\n<h1>Melden Sie sich zu den jeweiligen Kursen an. Sobald genug Anmeldungen vorhanden sind, k\u00f6nnen die Kurse durchgef\u00fchrt werden.<\/h1>\n<div>\n<p><strong>Das lizenzierte Kursangebot basiert prim\u00e4r auf der Gesetzes\u00e4nderung des \u00a7 1631 BGB, die allen Kindern ein Recht auf eine gewaltfreie Erziehung zuspricht.<\/strong><\/p>\n<p>In diesem Sinne m\u00f6chte der DKSB nicht allein Kinder und Jugendliche bei der Realisierung dieses Gesetzes unterst\u00fctzen, sondern auch Eltern in ihrem Erziehungsauftrag f\u00f6rdern. Die differenziert entwickelten Konzepte richten sich an Eltern mit Kindern in unterschiedlichen Altersgruppen, um je nach Entwicklungsstand der Kinder anstehende Fragen aufzugreifen.<\/p>\n<p>Die vom Deutschen Kinderschutzbund entwickelten Elternkurse wollen die Kommunikation in der Familie verbessern, das Selbstvertrauen und die Selbstreflexion der Eltern st\u00e4rken, das Bewusstsein f\u00fcr Erziehungsverantwortung wecken. Die Zielgruppe dieser Angebote sind Eltern mit Kindern jeden Alters und aus allen sozialen Gruppen, die durch situationsorientierte Angebote erreicht werden (Geh-Struktur).<\/p>\n<p><strong>So soll jeglicher Gewalt in der Erziehung vorgebeugt werden<\/strong><\/p>\n<\/div>\n<h1>Unsere Kursangebote<\/h1>\n<h1>\n<ol>\n<li>Elternkurs f\u00fcr Kinder von Null bis drei<\/li>\n<li>Eltern Basiskurs f\u00fcr Kinder aller Altersgruppen<\/li>\n<li>Eltern Basiskurs in t\u00fcrkischer Sprache<\/li>\n<li>Pubert\u00e4t: Aufbruch, Umbruch \u2013 kein Zusammenbruch<\/li>\n<li>Gro\u00dfelternkurse &#8222;Starke Gro\u00dfeltern \u2013 Starke Kinder&#8220;<\/li>\n<\/ol>\n<\/h1>\n<div>\n<p><strong>1.<\/strong> Das <strong>Basiskonzept\u00a0<\/strong>des Elternkurses\u00a0<strong>&#8222;Starke Eltern &#8211; Starke Kinder&#8220;<\/strong> richtet sich an Eltern mit Kindern jeden Alters. Dieser Kurs wird bei Bedarf in regelm\u00e4\u00dfigen Abst\u00e4nden angeboten. Interessenten wenden sich bitte an Anne Allmers. Bitte achten Sie auch auf die Ank\u00fcndigungen unter Aktuelles. Der Basiskurs umfasst 12 Treffen. Er kann bei entsprechender Teilnehmerzahl (mindestens 5) unabh\u00e4ngig vom Programm der Kreisvolkshochschule Wesermarsch gestartet werden. F\u00fcr Eltern mit Kindern unter 6 Jahren ist der Kurs <strong>kostenfrei.<\/strong><\/p>\n<p><strong>2.<\/strong> Der Elternkurs<strong>\u00a0&#8222;Starke Eltern &#8211; Starke Kinder&#8220;<\/strong>\u00a0\u00a0<strong>f\u00fcr Eltern mit Kindern von 0 bis 3 Jahren\u00a0<\/strong>\u00a0wird bei ausreichender Teilnehmerzahl\u00a0 in Kooperation mit der Kreisvolkshochschule Wesermarsch durchgef\u00fchrt. Er umfasst 10 Treffen. Interessenten richten sich bitte an uns unter\u00a0fruehe-hilfen@dksb-nordenham.de. Kinderbetreuung ist m\u00f6glich.\u00a0\u00a0<strong>Der Kurs ist kostenfrei.<\/strong><\/p>\n<p><strong>3. &#8222;Starke Eltern &#8211; Starke Kinder&#8220;<\/strong>\u00a0richtet sich an t\u00fcrkische Eltern mit mangelnden Deutschkenntnissen.\u00a0\u00a0<strong>Der Kurs findet in t\u00fcrkischer Sprache statt.\u00a0<\/strong>Dozentin ist Frau Nimet Cansever, qualifizierte Kindertagespflegekraft. <strong>Der Kurs ist kostenfrei.<\/strong><\/p>\n<p><strong>4. Pubert\u00e4t: Aufbruch, Umbruch &#8211; kein Zusammenbruch<\/strong><br \/>Dieser Kurs wendet sich an Eltern mit pubertierenden Kindern. Der vom Deutschen Kinderschutzbund entwickelte Elternkurs will ermutigen, gelassener mit dem Verhalten der Kinder umzugehen, die Beziehung auch in problematischen Situationen nicht abrei\u00dfen zu lassen, dem Jugendlichen N\u00e4he und Distanz zu geben, die Selbstverantwortung des jungen Menschen zu st\u00e4rken und den Schritt von der Erziehung zur Beziehung zu wagen.<\/p>\n<p><strong>5. Starke Gro\u00dfeltern \u2013 Starke Kinder<br \/>F\u00fcr Gro\u00dfeltern mit Enkeln bis 6 Jahres ist der Kurs kostenfrei.<\/strong> Wir bitten interessierte Gro\u00dfeltern, sich im Familien- und\u00a0 Kinderserviceb\u00fcro unter 04731\/22094 zu informieren. Der Kurs umfasst 6 Treffen und kann auch in den Vormittagsstunden angeboten werden.\u00a0<\/p>\n<\/div>\n<div>\n<p>        <img decoding=\"async\" data-src=\"\/wp-content\/uploads\/2021\/01\/logo-sesk_65.svg\" alt=\"\" src=\"data:image\/svg+xml;base64,PHN2ZyB3aWR0aD0iMSIgaGVpZ2h0PSIxIiB4bWxucz0iaHR0cDovL3d3dy53My5vcmcvMjAwMC9zdmciPjwvc3ZnPg==\" class=\"lazyload\"><\/p>\n<\/div>\n<div>\n<h3>Starke Eltern \u2013 Starke Kinder\u00ae<\/h3>\n<div>\n<p>Das lizenzierte Kursangebot basiert prim\u00e4r auf der Gesetzes\u00e4nderung des \u00a7 1631 BGB, die allen Kindern ein Recht auf eine gewaltfreie Erziehung zuspricht.<\/p>\n<\/div>\n<\/div>\n<div>\n<p>        <img decoding=\"async\" data-src=\"\/wp-content\/uploads\/2021\/01\/logo-kvhs_107_1.png\" alt=\"\" src=\"data:image\/svg+xml;base64,PHN2ZyB3aWR0aD0iMSIgaGVpZ2h0PSIxIiB4bWxucz0iaHR0cDovL3d3dy53My5vcmcvMjAwMC9zdmciPjwvc3ZnPg==\" class=\"lazyload\" style=\"--smush-placeholder-width: 1750px; --smush-placeholder-aspect-ratio: 1750\/1050;\"><\/p>\n<\/div>\n<div>\n<h3>Ihre Ansprechpartnerin <\/h3>\n<div>\n<p>Anne Allmers, Diplomp\u00e4dagogin<br \/>Familien- und Kinderserviceb\u00fcro<br \/>Herbertstra\u00dfe 3<br \/>26954 Nordenham<br \/>Tel.: 04731\/22094<br \/><a href=\"mailto:anne.allmers@dksb-nordenham.de\">anne.allmers@dksb-nordenham.de<\/a><\/p>\n<\/div>\n<\/div>\n<p><!-- {\"name\":\"Residences\",\"type\":\"layout\",\"children\":[{\"name\":\"Residences\",\"type\":\"section\",\"props\":{\"style\":\"default\",\"width\":\"expand\",\"vertical_align\":\"middle\",\"title_position\":\"top-left\",\"title_rotation\":\"left\",\"title_breakpoint\":\"xl\",\"image_position\":\"top-center\",\"image\":\"\",\"padding\":\"small\",\"padding_remove_top\":false,\"animation\":\"slide-left-small\",\"animation_delay\":false,\"overlap\":false,\"padding_remove_bottom\":true},\"children\":[{\"name\":\"\",\"type\":\"row\",\"props\":{\"layout\":\"1-2,1-2\",\"margin\":\"remove-vertical\",\"vertical_align\":false,\"match\":true,\"column_gap\":\"collapse\",\"row_gap\":\"collapse\",\"margin_remove_top\":false},\"children\":[{\"name\":\"\",\"type\":\"column\",\"props\":{\"image_position\":\"center-center\",\"image\":\"wp-content\\\/uploads\\\/2021\\\/01\\\/photo-1571210862729-78a52d3779a2-scaled-e1609927759591.jpeg\",\"image_width\":\"1300\",\"image_height\":\"910\",\"css\":\".el-column {\\n\\tmin-height: 500px;\\n}\",\"image_size\":\"cover\",\"media_overlay_gradient\":\"\",\"width_medium\":\"1-2\",\"vertical_align\":\"middle\",\"media_overlay\":\"rgba(1, 97, 174, 0.63)\",\"style\":\"primary\"},\"children\":[{\"type\":\"headline\",\"props\":{\"title_element\":\"h1\",\"title_style\":\"heading-large\",\"text_align\":\"center\",\"content\":\"Starke Eltern \\u2013 Starke Kinder<sup>\\u00ae<\\\/sup>\"}},{\"type\":\"headline\",\"props\":{\"title_element\":\"h1\",\"content\":\"Melden Sie sich zu den jeweiligen Kursen an. Sobald genug Anmeldungen vorhanden sind, k\\u00f6nnen die Kurse durchgef\\u00fchrt werden.\",\"title_style\":\"h3\",\"text_align\":\"center\"}}]},{\"name\":\"\",\"type\":\"column\",\"props\":{\"image_position\":\"center-center\",\"image\":\"\",\"image_size\":\"contain\",\"style\":\"muted\",\"padding\":\"large\",\"image_width\":\"1000\",\"media_overlay_gradient\":\"\",\"width_medium\":\"1-2\",\"vertical_align\":\"middle\"},\"children\":[{\"name\":\"\",\"type\":\"text\",\"props\":{\"margin\":\"remove-vertical\",\"column_breakpoint\":\"m\",\"content\":\"\n\n<p><strong>Das lizenzierte Kursangebot basiert prim\\u00e4r auf der Gesetzes\\u00e4nderung des \\u00a7 1631 BGB, die allen Kindern ein Recht auf eine gewaltfreie Erziehung zuspricht.<\\\/strong><\\\/p>\\n\n\n<p>In diesem Sinne m\\u00f6chte der DKSB nicht allein Kinder und Jugendliche bei der Realisierung dieses Gesetzes unterst\\u00fctzen, sondern auch Eltern in ihrem Erziehungsauftrag f\\u00f6rdern. Die differenziert entwickelten Konzepte richten sich an Eltern mit Kindern in unterschiedlichen Altersgruppen, um je nach Entwicklungsstand der Kinder anstehende Fragen aufzugreifen.<\\\/p>\\n\n\n<p>Die vom Deutschen Kinderschutzbund entwickelten Elternkurse wollen die Kommunikation in der Familie verbessern, das Selbstvertrauen und die Selbstreflexion der Eltern st\\u00e4rken, das Bewusstsein f\\u00fcr Erziehungsverantwortung wecken. Die Zielgruppe dieser Angebote sind Eltern mit Kindern jeden Alters und aus allen sozialen Gruppen, die durch situationsorientierte Angebote erreicht werden (Geh-Struktur).<\\\/p>\\n\n\n<p><strong>So soll jeglicher Gewalt in der Erziehung vorgebeugt werden<\\\/strong><\\\/p>\",\"maxwidth\":\"xlarge\",\"block_align\":\"center\"}}]}]},{\"name\":\"\",\"type\":\"row\",\"props\":{\"layout\":\"1-2,1-2\",\"margin\":\"xlarge\",\"vertical_align\":false,\"match\":true,\"column_gap\":\"collapse\",\"row_gap\":\"collapse\",\"margin_remove_top\":true},\"children\":[{\"name\":\"\",\"type\":\"column\",\"props\":{\"image_position\":\"center-center\",\"image\":\"wp-content\\\/uploads\\\/photo-1558056524-97698af21ff8-scaled.jpg\",\"image_width\":\"1300\",\"image_height\":\"910\",\"css\":\".el-column {\\n\\tmin-height: 500px;\\n}\",\"image_size\":\"cover\",\"width_large\":\"1-2\",\"media_overlay_gradient\":\"\",\"width_medium\":\"1-2\",\"vertical_align\":\"middle\",\"style\":\"primary\",\"media_overlay\":\"rgba(1, 97, 174, 0.57)\"},\"children\":[{\"type\":\"headline\",\"props\":{\"title_element\":\"h1\",\"title_style\":\"heading-large\",\"text_align\":\"center\",\"content\":\"Unsere Kursangebote\"}},{\"type\":\"headline\",\"props\":{\"title_element\":\"h1\",\"content\":\"\n\n<ol>\\n\n\n<li>Elternkurs f\\u00fcr Kinder von Null bis drei<\\\/li>\\n\n\n<li>Eltern Basiskurs f\\u00fcr Kinder aller Altersgruppen<\\\/li>\\n\n\n<li>Eltern Basiskurs in t\\u00fcrkischer Sprache<\\\/li>\\n\n\n<li>Pubert\\u00e4t: Aufbruch, Umbruch \\u2013 kein Zusammenbruch<\\\/li>\\n\n\n<li>Gro\\u00dfelternkurse \\\"Starke Gro\\u00dfeltern \\u2013 Starke Kinder\\\"<\\\/li>\\n<\\\/ol>\",\"title_style\":\"h3\",\"text_align\":\"center\"}}]},{\"name\":\"\",\"type\":\"column\",\"props\":{\"image_position\":\"center-center\",\"image\":\"\",\"image_size\":\"contain\",\"style\":\"muted\",\"padding\":\"large\",\"image_width\":\"600\",\"width_large\":\"1-2\",\"order_first\":\"l\",\"media_overlay_gradient\":\"\",\"width_medium\":\"1-2\"},\"children\":[{\"name\":\"\",\"type\":\"text\",\"props\":{\"margin\":\"remove-vertical\",\"column_breakpoint\":\"m\",\"content\":\"\n\n<p><strong>1.<\\\/strong> Das <strong>Basiskonzept\\u00a0<\\\/strong>des Elternkurses\\u00a0<strong>\\\"Starke Eltern - Starke Kinder\\\"<\\\/strong> richtet sich an Eltern mit Kindern jeden Alters. Dieser Kurs wird bei Bedarf in regelm\\u00e4\\u00dfigen Abst\\u00e4nden angeboten. Interessenten wenden sich bitte an Anne Allmers. Bitte achten Sie auch auf die Ank\\u00fcndigungen unter Aktuelles. Der Basiskurs umfasst 12 Treffen. Er kann bei entsprechender Teilnehmerzahl (mindestens 5) unabh\\u00e4ngig vom Programm der Kreisvolkshochschule Wesermarsch gestartet werden. F\\u00fcr Eltern mit Kindern unter 6 Jahren ist der Kurs <strong>kostenfrei.<\\\/strong><\\\/p>\\n\n\n<p><strong>2.<\\\/strong> Der Elternkurs<strong>\\u00a0\\\"Starke Eltern - Starke Kinder\\\"<\\\/strong>\\u00a0\\u00a0<strong>f\\u00fcr Eltern mit Kindern von 0 bis 3 Jahren\\u00a0<\\\/strong>\\u00a0wird bei ausreichender Teilnehmerzahl\\u00a0 in Kooperation mit der Kreisvolkshochschule Wesermarsch durchgef\\u00fchrt. Er umfasst 10 Treffen. Interessenten richten sich bitte an uns unter\\u00a0fruehe-hilfen@dksb-nordenham.de. Kinderbetreuung ist m\\u00f6glich.\\u00a0\\u00a0<strong>Der Kurs ist kostenfrei.<\\\/strong><\\\/p>\\n\n\n<p><strong>3. \\\"Starke Eltern - Starke Kinder\\\"<\\\/strong>\\u00a0richtet sich an t\\u00fcrkische Eltern mit mangelnden Deutschkenntnissen.\\u00a0\\u00a0<strong>Der Kurs findet in t\\u00fcrkischer Sprache statt.\\u00a0<\\\/strong>Dozentin ist Frau Nimet Cansever, qualifizierte Kindertagespflegekraft. <strong>Der Kurs ist kostenfrei.<\\\/strong><\\\/p>\\n\n\n<p><strong>4. Pubert\\u00e4t: Aufbruch, Umbruch - kein Zusammenbruch<\\\/strong><br \\\/>Dieser Kurs wendet sich an Eltern mit pubertierenden Kindern. Der vom Deutschen Kinderschutzbund entwickelte Elternkurs will ermutigen, gelassener mit dem Verhalten der Kinder umzugehen, die Beziehung auch in problematischen Situationen nicht abrei\\u00dfen zu lassen, dem Jugendlichen N\\u00e4he und Distanz zu geben, die Selbstverantwortung des jungen Menschen zu st\\u00e4rken und den Schritt von der Erziehung zur Beziehung zu wagen.<\\\/p>\\n\n\n<p><strong>5. Starke Gro\\u00dfeltern \\u2013 Starke Kinder<br \\\/>F\\u00fcr Gro\\u00dfeltern mit Enkeln bis 6 Jahres ist der Kurs kostenfrei.<\\\/strong> Wir bitten interessierte Gro\\u00dfeltern, sich im Familien- und\\u00a0 Kinderserviceb\\u00fcro unter 04731\\\/22094 zu informieren. Der Kurs umfasst 6 Treffen und kann auch in den Vormittagsstunden angeboten werden.\\u00a0<\\\/p>\",\"maxwidth\":\"xlarge\",\"block_align\":\"center\"}}]}]}]},{\"type\":\"section\",\"props\":{\"style\":\"primary\",\"width\":\"default\",\"vertical_align\":\"middle\",\"title_position\":\"top-left\",\"title_rotation\":\"left\",\"title_breakpoint\":\"xl\",\"image_position\":\"center-center\"},\"children\":[{\"type\":\"row\",\"props\":{\"layout\":\"1-4,1-4,1-4,1-4|1-2,1-2,1-2,1-2\",\"divider\":true,\"match\":false},\"children\":[{\"type\":\"column\",\"props\":{\"image_position\":\"center-center\",\"media_overlay_gradient\":\"\",\"width_medium\":\"1-4\",\"width_small\":\"1-2\",\"vertical_align\":\"middle\"},\"children\":[{\"type\":\"panel\",\"props\":{\"link_text\":\"Read more\",\"title_hover_style\":\"reset\",\"title_element\":\"h3\",\"title_align\":\"top\",\"title_grid_width\":\"1-2\",\"title_grid_breakpoint\":\"m\",\"meta_style\":\"meta\",\"meta_align\":\"below-title\",\"meta_element\":\"div\",\"content_column_breakpoint\":\"m\",\"icon_width\":80,\"image_align\":\"top\",\"image_grid_width\":\"1-2\",\"image_grid_breakpoint\":\"m\",\"image_svg_color\":\"emphasis\",\"link_style\":\"default\",\"margin\":\"default\",\"image\":\"wp-content\\\/uploads\\\/2021\\\/01\\\/logo-sesk_65.svg\"}}]},{\"type\":\"column\",\"props\":{\"image_position\":\"center-center\",\"media_overlay_gradient\":\"\",\"width_medium\":\"1-4\",\"width_small\":\"1-2\"},\"children\":[{\"type\":\"panel\",\"props\":{\"link_text\":\"Read more\",\"title_hover_style\":\"reset\",\"title_element\":\"h3\",\"title_align\":\"top\",\"title_grid_width\":\"1-2\",\"title_grid_breakpoint\":\"m\",\"meta_style\":\"meta\",\"meta_align\":\"below-title\",\"meta_element\":\"div\",\"content_column_breakpoint\":\"m\",\"icon_width\":80,\"image_align\":\"top\",\"image_grid_width\":\"1-2\",\"image_grid_breakpoint\":\"m\",\"image_svg_color\":\"emphasis\",\"link_style\":\"default\",\"margin\":\"default\",\"title\":\"Starke Eltern \\u2013 Starke Kinder\\u00ae\",\"content\":\"\n\n<p>Das lizenzierte Kursangebot basiert prim\\u00e4r auf der Gesetzes\\u00e4nderung des \\u00a7 1631 BGB, die allen Kindern ein Recht auf eine gewaltfreie Erziehung zuspricht.<\\\/p>\"}}]},{\"type\":\"column\",\"props\":{\"image_position\":\"center-center\",\"media_overlay_gradient\":\"\",\"width_medium\":\"1-4\",\"width_small\":\"1-2\",\"vertical_align\":\"middle\"},\"children\":[{\"type\":\"panel\",\"props\":{\"link_text\":\"Read more\",\"title_hover_style\":\"reset\",\"title_element\":\"h3\",\"title_align\":\"top\",\"title_grid_width\":\"1-2\",\"title_grid_breakpoint\":\"m\",\"meta_style\":\"meta\",\"meta_align\":\"below-title\",\"meta_element\":\"div\",\"content_column_breakpoint\":\"m\",\"icon_width\":80,\"image_align\":\"top\",\"image_grid_width\":\"1-2\",\"image_grid_breakpoint\":\"m\",\"image_svg_color\":\"emphasis\",\"link_style\":\"default\",\"margin\":\"default\",\"image\":\"wp-content\\\/uploads\\\/2021\\\/01\\\/logo-kvhs_107_1.png\"}}]},{\"type\":\"column\",\"props\":{\"image_position\":\"center-center\",\"media_overlay_gradient\":\"\",\"width_medium\":\"1-4\",\"width_small\":\"1-2\"},\"children\":[{\"type\":\"panel\",\"props\":{\"link_text\":\"Read more\",\"title_hover_style\":\"reset\",\"title_element\":\"h3\",\"title_align\":\"top\",\"title_grid_width\":\"1-2\",\"title_grid_breakpoint\":\"m\",\"meta_style\":\"meta\",\"meta_align\":\"below-title\",\"meta_element\":\"div\",\"content_column_breakpoint\":\"m\",\"icon_width\":80,\"image_align\":\"top\",\"image_grid_width\":\"1-2\",\"image_grid_breakpoint\":\"m\",\"image_svg_color\":\"emphasis\",\"link_style\":\"default\",\"margin\":\"default\",\"title\":\"Ihre Ansprechpartnerin \",\"content\":\"\n\n<p>Anne Allmers, Diplomp\\u00e4dagogin<br \\\/>Familien- und Kinderserviceb\\u00fcro<br \\\/>Herbertstra\\u00dfe 3<br \\\/>26954 Nordenham<br \\\/>Tel.: 04731\\\/22094<br \\\/><a href=\\\"mailto:anne.allmers@dksb-nordenham.de\\\">anne.allmers@dksb-nordenham.de<\\\/a><\\\/p>\"}}]}]}]}],\"version\":\"2.2.5\"} --><\/p>\n","protected":false},"excerpt":{"rendered":"<p>Starke Eltern \u2013 Starke Kinder\u00ae Melden Sie sich zu den jeweiligen Kursen an. Sobald genug Anmeldungen vorhanden sind, k\u00f6nnen die Kurse durchgef\u00fchrt werden. Das lizenzierte Kursangebot basiert prim\u00e4r auf der Gesetzes\u00e4nderung des \u00a7 1631 BGB, die allen Kindern ein Recht auf eine gewaltfreie Erziehung zuspricht. In diesem Sinne m\u00f6chte der DKSB nicht allein Kinder und [&hellip;]<\/p>\n","protected":false},"author":2,"featured_media":0,"parent":18,"menu_order":0,"comment_status":"closed","ping_status":"closed","template":"","meta":{"footnotes":""},"class_list":["post-491","page","type-page","status-publish","hentry"],"_links":{"self":[{"href":"https:\/\/www.dksb-nordenham.de\/index.php\/wp-json\/wp\/v2\/pages\/491","targetHints":{"allow":["GET"]}}],"collection":[{"href":"https:\/\/www.dksb-nordenham.de\/index.php\/wp-json\/wp\/v2\/pages"}],"about":[{"href":"https:\/\/www.dksb-nordenham.de\/index.php\/wp-json\/wp\/v2\/types\/page"}],"author":[{"embeddable":true,"href":"https:\/\/www.dksb-nordenham.de\/index.php\/wp-json\/wp\/v2\/users\/2"}],"replies":[{"embeddable":true,"href":"https:\/\/www.dksb-nordenham.de\/index.php\/wp-json\/wp\/v2\/comments?post=491"}],"version-history":[{"count":112,"href":"https:\/\/www.dksb-nordenham.de\/index.php\/wp-json\/wp\/v2\/pages\/491\/revisions"}],"predecessor-version":[{"id":974,"href":"https:\/\/www.dksb-nordenham.de\/index.php\/wp-json\/wp\/v2\/pages\/491\/revisions\/974"}],"up":[{"embeddable":true,"href":"https:\/\/www.dksb-nordenham.de\/index.php\/wp-json\/wp\/v2\/pages\/18"}],"wp:attachment":[{"href":"https:\/\/www.dksb-nordenham.de\/index.php\/wp-json\/wp\/v2\/media?parent=491"}],"curies":[{"name":"wp","href":"https:\/\/api.w.org\/{rel}","templated":true}]}}