{"id":339,"date":"2021-01-06T06:56:45","date_gmt":"2021-01-06T06:56:45","guid":{"rendered":"https:\/\/www.dksb-nordenham.de\/?page_id=339"},"modified":"2021-01-08T10:40:17","modified_gmt":"2021-01-08T10:40:17","slug":"mitmachen","status":"publish","type":"page","link":"https:\/\/www.dksb-nordenham.de\/index.php\/ueber-uns\/mitmachen\/","title":{"rendered":"Spenden"},"content":{"rendered":"<p><img decoding=\"async\" data-src=\"\/wp-content\/uploads\/2021\/01\/iconmonstr-quote-left-thin.svg\" alt=\"\" src=\"data:image\/svg+xml;base64,PHN2ZyB3aWR0aD0iMSIgaGVpZ2h0PSIxIiB4bWxucz0iaHR0cDovL3d3dy53My5vcmcvMjAwMC9zdmciPjwvc3ZnPg==\" class=\"lazyload\"><\/p>\n<h1>Noch st\u00e4rker mit Ihrer Hilfe!<\/h1>\n<div>\n<p>Wir bedanken uns bei allen gro\u00dfen und kleinen Spendern f\u00fcr ihre finanzielle Unterst\u00fctzung!<\/p>\n<\/div>\n<p><img decoding=\"async\" data-src=\"\/wp-content\/uploads\/2021\/01\/spenden_bild_3.jpg\" alt=\"\" src=\"data:image\/svg+xml;base64,PHN2ZyB3aWR0aD0iMSIgaGVpZ2h0PSIxIiB4bWxucz0iaHR0cDovL3d3dy53My5vcmcvMjAwMC9zdmciPjwvc3ZnPg==\" class=\"lazyload\" style=\"--smush-placeholder-width: 2178px; --smush-placeholder-aspect-ratio: 2178\/1378;\"><\/p>\n<h2>Jetzt unterst\u00fctzen<\/h2>\n<ul>\n<li>\n<h3>Unser Spendenkonto<\/h3>\n<div>\n<p>Deutscher Kinderschutzbund<br \/>OV Nordenham<br \/>IBAN: DE51 2826 2673 2473 8034 00<br \/>Raiba Varel-Nordenham eG<\/p>\n<\/div>\n<\/li>\n<li>\n<h3>Deutscher Kinderschutzbund OV Nordenham<\/h3>\n<div>\n<p>Herbertstra\u00dfe 3<br \/>26954 Nordenham<br \/>Tel. 04731\/269465<\/p>\n<\/div>\n<\/li>\n<li>\n<h3>E-Mail senden<\/h3>\n<div>\n<p>oder Sie schreiben uns unter:<br \/>geschaeftsstelle@dksb-nordenham.de<\/p>\n<\/div>\n<\/li>\n<\/ul>\n<p>\n    <a href=\"\/index.php\/ueber-uns\/mitmachen\">Kinderschutzbund-Mitglied werden<\/a>\n<\/p>\n<p><!-- {\"children\":[{\"name\":\"Hero\",\"type\":\"section\",\"props\":{\"width\":\"expand\",\"style\":\"default\",\"animation\":\"fade\",\"padding_remove_top\":false,\"image_position\":\"bottom-right\",\"vertical_align\":\"middle\",\"title_position\":\"top-left\",\"title_rotation\":\"left\",\"title_breakpoint\":\"xl\",\"image\":\"\",\"image_size\":\"contain\",\"image_effect\":\"parallax\",\"image_parallax_bgx_start\":\"0\",\"image_parallax_bgx_end\":\"0\",\"image_parallax_bgy_start\":\"100\",\"image_parallax_bgy_end\":\"0\",\"padding_remove_bottom\":true},\"children\":[{\"name\":\"\",\"type\":\"row\",\"props\":{\"layout\":\"1-2,1-2\",\"vertical_align\":true,\"column_gap\":\"medium\",\"row_gap\":\"medium\",\"width\":\"large\",\"divider\":true,\"margin_remove_top\":false,\"margin_remove_bottom\":true,\"margin\":\"small\"},\"children\":[{\"name\":\"\",\"type\":\"column\",\"props\":{\"image_position\":\"center-center\",\"media_overlay_gradient\":\"\",\"width_medium\":\"1-2\"},\"children\":[{\"type\":\"image\",\"props\":{\"margin\":\"small\",\"image_svg_color\":\"primary\",\"image\":\"wp-content\\\/uploads\\\/2021\\\/01\\\/iconmonstr-quote-left-thin.svg\",\"image_width\":\"75\",\"image_svg_inline\":true,\"margin_remove_bottom\":false,\"margin_remove_top\":false,\"text_align\":\"left\",\"image_svg_animate\":false}},{\"name\":\"\",\"type\":\"headline\",\"props\":{\"title_element\":\"h1\",\"content\":\"Noch st\\u00e4rker mit Ihrer Hilfe!\",\"title_style\":\"heading-large\",\"text_align\":\"right\",\"maxwidth\":\"xlarge\",\"text_align_breakpoint\":\"m\",\"maxwidth_breakpoint\":\"m\",\"margin\":\"small\"}},{\"name\":\"\",\"type\":\"headline\",\"props\":{\"title_element\":\"div\",\"content\":\"\n\n<p>Wir bedanken uns bei allen gro\\u00dfen und kleinen Spendern f\\u00fcr ihre finanzielle Unterst\\u00fctzung!<br \\\/><br \\\/><\\\/p>\",\"title_style\":\"h4\",\"text_align\":\"right\",\"maxwidth\":\"xlarge\",\"maxwidth_breakpoint\":\"m\",\"text_align_breakpoint\":\"m\"}}]},{\"name\":\"\",\"type\":\"column\",\"props\":{\"image_position\":\"center-center\",\"media_overlay_gradient\":\"\",\"width_medium\":\"1-2\",\"vertical_align\":\"bottom\",\"image\":\"\",\"image_size\":\"contain\"},\"children\":[{\"type\":\"image\",\"props\":{\"margin\":\"remove-vertical\",\"image_svg_color\":\"emphasis\",\"image\":\"wp-content\\\/uploads\\\/2021\\\/01\\\/spenden_bild_3.jpg\",\"margin_remove_bottom\":true}}]}]}]},{\"name\":\"Values\",\"type\":\"section\",\"props\":{\"style\":\"primary\",\"width\":\"large\",\"vertical_align\":\"middle\",\"title_position\":\"top-left\",\"title_rotation\":\"left\",\"title_breakpoint\":\"xl\",\"image_position\":\"center-center\",\"animation\":\"fade\",\"animation_delay\":true,\"id\":\"values\"},\"children\":[{\"name\":\"\",\"type\":\"row\",\"children\":[{\"name\":\"\",\"type\":\"column\",\"props\":{\"image_position\":\"center-center\",\"media_overlay_gradient\":\"\",\"width_medium\":\"1-1\"},\"children\":[{\"name\":\"\",\"type\":\"headline\",\"props\":{\"title_element\":\"h2\",\"content\":\"Jetzt unterst\\u00fctzen\",\"text_align\":\"center\",\"title_style\":\"heading-small\"}},{\"name\":\"\",\"type\":\"grid\",\"props\":{\"show_title\":true,\"show_meta\":true,\"show_content\":true,\"show_image\":true,\"show_link\":true,\"grid_default\":\"1\",\"grid_medium\":\"3\",\"filter_style\":\"tab\",\"filter_all\":true,\"filter_position\":\"top\",\"filter_align\":\"left\",\"filter_grid_width\":\"auto\",\"title_element\":\"h3\",\"meta_style\":\"meta\",\"meta_align\":\"below-title\",\"image_align\":\"top\",\"image_grid_width\":\"1-2\",\"link_text\":\"Read more\",\"link_style\":\"default\",\"margin\":\"large\",\"text_align\":\"center\",\"item_maxwidth\":\"medium\",\"grid_small\":\"2\",\"title_style\":\"h4\",\"image_svg_inline\":false,\"item_animation\":\"\",\"image_svg_color\":\"emphasis\",\"title_align\":\"top\",\"title_grid_width\":\"1-2\",\"grid_column_gap\":\"collapse\",\"grid_row_gap\":\"collapse\",\"filter_grid_breakpoint\":\"m\",\"title_grid_breakpoint\":\"m\",\"image_grid_breakpoint\":\"m\",\"icon_width\":80,\"title_hover_style\":\"reset\",\"meta_element\":\"div\",\"content_column_breakpoint\":\"m\",\"grid_divider\":false,\"grid_column_align\":true,\"grid_row_align\":true,\"grid_masonry\":false},\"children\":[{\"name\":\"\",\"type\":\"grid_item\",\"props\":{\"title\":\"Unser Spendenkonto\",\"content\":\"\n\n<p>Deutscher Kinderschutzbund<br \\\/>OV Nordenham<br \\\/>IBAN: DE51 2826 2673 2473 8034 00<br \\\/>Raiba Varel-Nordenham eG<\\\/p>\",\"image\":\"\",\"meta\":\"\"}},{\"name\":\"\",\"type\":\"grid_item\",\"props\":{\"title\":\"Deutscher Kinderschutzbund OV Nordenham\",\"content\":\"\n\n<p>Herbertstra\\u00dfe 3<br \\\/>26954 Nordenham<br \\\/>Tel. 04731\\\/269465<\\\/p>\",\"image\":\"\",\"meta\":\"\"}},{\"name\":\"\",\"type\":\"grid_item\",\"props\":{\"title\":\"E-Mail senden\",\"content\":\"\n\n<p>oder Sie schreiben uns unter:<br \\\/>geschaeftsstelle@dksb-nordenham.de<\\\/p>\",\"image\":\"\"}}]},{\"type\":\"button\",\"props\":{\"grid_column_gap\":\"small\",\"grid_row_gap\":\"small\",\"margin\":\"xlarge\",\"text_align\":\"center\",\"margin_remove_top\":true},\"children\":[{\"type\":\"button_item\",\"props\":{\"button_style\":\"default\",\"icon_align\":\"left\",\"content\":\"Kinderschutzbund-Mitglied werden\",\"link\":\"index.php\\\/ueber-uns\\\/mitmachen\\\/\",\"link_title\":\"Kinderschutzbund-Mitglied werden\"}}]}]}]}]}],\"version\":\"2.2.5\",\"type\":\"layout\"} --><\/p>\n","protected":false},"excerpt":{"rendered":"<p>Noch st\u00e4rker mit Ihrer Hilfe! Wir bedanken uns bei allen gro\u00dfen und kleinen Spendern f\u00fcr ihre finanzielle Unterst\u00fctzung! Jetzt unterst\u00fctzen Unser Spendenkonto Deutscher KinderschutzbundOV NordenhamIBAN: DE51 2826 2673 2473 8034 00Raiba Varel-Nordenham eG Deutscher Kinderschutzbund OV Nordenham Herbertstra\u00dfe 326954 NordenhamTel. 04731\/269465 E-Mail senden oder Sie schreiben uns unter:geschaeftsstelle@dksb-nordenham.de Kinderschutzbund-Mitglied werden<\/p>\n","protected":false},"author":2,"featured_media":0,"parent":16,"menu_order":0,"comment_status":"closed","ping_status":"closed","template":"","meta":{"footnotes":""},"class_list":["post-339","page","type-page","status-publish","hentry"],"_links":{"self":[{"href":"https:\/\/www.dksb-nordenham.de\/index.php\/wp-json\/wp\/v2\/pages\/339","targetHints":{"allow":["GET"]}}],"collection":[{"href":"https:\/\/www.dksb-nordenham.de\/index.php\/wp-json\/wp\/v2\/pages"}],"about":[{"href":"https:\/\/www.dksb-nordenham.de\/index.php\/wp-json\/wp\/v2\/types\/page"}],"author":[{"embeddable":true,"href":"https:\/\/www.dksb-nordenham.de\/index.php\/wp-json\/wp\/v2\/users\/2"}],"replies":[{"embeddable":true,"href":"https:\/\/www.dksb-nordenham.de\/index.php\/wp-json\/wp\/v2\/comments?post=339"}],"version-history":[{"count":67,"href":"https:\/\/www.dksb-nordenham.de\/index.php\/wp-json\/wp\/v2\/pages\/339\/revisions"}],"predecessor-version":[{"id":908,"href":"https:\/\/www.dksb-nordenham.de\/index.php\/wp-json\/wp\/v2\/pages\/339\/revisions\/908"}],"up":[{"embeddable":true,"href":"https:\/\/www.dksb-nordenham.de\/index.php\/wp-json\/wp\/v2\/pages\/16"}],"wp:attachment":[{"href":"https:\/\/www.dksb-nordenham.de\/index.php\/wp-json\/wp\/v2\/media?parent=339"}],"curies":[{"name":"wp","href":"https:\/\/api.w.org\/{rel}","templated":true}]}}