{"id":18,"date":"2020-09-28T10:05:04","date_gmt":"2020-09-28T10:05:04","guid":{"rendered":"https:\/\/www.dksb-nordenham.de\/?page_id=18"},"modified":"2024-02-28T09:58:14","modified_gmt":"2024-02-28T09:58:14","slug":"was-wir-tun","status":"publish","type":"page","link":"https:\/\/www.dksb-nordenham.de\/index.php\/was-wir-tun\/","title":{"rendered":"Was wir tun"},"content":{"rendered":"<h1>\n<p>Familien- und Kinder\u00adservice\u00adb\u00fcro<\/p>\n<\/h1>\n<div>\n<p>In Nordenham betreuen rund 30 ausgebildete Kindertages-pflegepersonen ungef\u00e4hr 50 Kinder im Rahmen von Kindertagespflege.<\/p>\n<\/div>\n<p>\n    <a href=\"\/index.php\/was-wir-tun\/familien-und-kinderservicebuero\/\">Mehr erfahren<\/a>\n<\/p>\n<h1>Starke Eltern \u2013 Starke Kinder<\/h1>\n<div>\n<p>Die vom Deutschen Kinderschutzbund entwickelten Elternkurse sollen jegliche Gewalt in der Erziehung vorbeugen und die Kommunikation der Familie verbessern.<\/p>\n<\/div>\n<p>\n    <a href=\"\/index.php\/was-wir-tun\/starke-eltern-starke-kinder\/\">Mehr erfahren<\/a>\n<\/p>\n<h1>Bildung und Unter&shy;st\u00fctzung<\/h1>\n<div>\n<p>Wir schauen auf die St\u00e4rken jedes Kindes und helfen, diese auszubauen und gezielt zu nutzen. Gleichzeitig geben wir Strategien an die Hand, Probleme in den Griff zu bekommen und vermitteln dazu grundlegende Fertigkeiten.\u00a0<\/p>\n<\/div>\n<p>\n    <a href=\"\/index.php\/was-wir-tun\/kinderhaus-blauer-elefant-nordenham\/\">Mehr erfahren<\/a>\n<\/p>\n<h1>Kinder- und Jugend&shy;haus Eins&shy;warden<\/h1>\n<div>\n<p>STARK f\u00fcr Kinder, ZUVERL\u00c4SSIG f\u00fcr Eltern, MUTIG f\u00fcr alle! Unser Kinder-und Jugendhaus\u00a0 bietet zahlreiche Hilfen f\u00fcr Kinder und Familien aus einer Hand \u2013 gem\u00e4\u00df dem Motto \u201eStarke Hilfen unter einem Dach\u201c.<\/p>\n<\/div>\n<p>\n    <a href=\"\/index.php\/was-wir-tun\/starke-eltern-starke-kinder-2\/\">Mehr erfahren<\/a>\n<\/p>\n<p><!--more--><br \/>\n<!-- {\"name\":\"home\",\"type\":\"layout\",\"children\":[{\"type\":\"section\",\"props\":{\"image_position\":\"center-center\",\"padding\":\"large\",\"style\":\"default\",\"title_breakpoint\":\"xl\",\"title_position\":\"top-left\",\"title_rotation\":\"left\",\"vertical_align\":\"middle\",\"width\":\"expand\"},\"children\":[{\"type\":\"row\",\"children\":[{\"type\":\"column\",\"props\":{\"image\":\"wp-content\\\/uploads\\\/photo-1472162072942-cd5147eb3902-scaled.jpg\",\"image_position\":\"center-center\",\"image_size\":\"cover\",\"media_overlay\":\"rgba(1, 97, 174, 0.58)\",\"position_sticky_breakpoint\":\"m\",\"style\":\"tile-primary\",\"width_medium\":\"1-4\",\"width_small\":\"1-2\"},\"children\":[{\"type\":\"headline\",\"props\":{\"content\":\"\n\n<p>Familien- und Kinder\\u00adservice\\u00adb\\u00fcro<\\\/p>\",\"title_element\":\"h1\"}},{\"type\":\"text\",\"props\":{\"column_breakpoint\":\"m\",\"content\":\"\n\n<p>In Nordenham betreuen rund 30 ausgebildete Kindertages-pflegepersonen ungef\\u00e4hr 50 Kinder im Rahmen von Kindertagespflege.<\\\/p>\",\"margin\":\"default\"}},{\"type\":\"button\",\"props\":{\"grid_column_gap\":\"small\",\"grid_row_gap\":\"small\",\"margin\":\"default\"},\"children\":[{\"type\":\"button_item\",\"props\":{\"button_style\":\"default\",\"content\":\"Mehr erfahren\",\"icon_align\":\"left\",\"link\":\"index.php\\\/was-wir-tun\\\/familien-und-kinderservicebuero\\\/\",\"link_title\":\"Mehr erfahren\"}}]}]},{\"type\":\"column\",\"props\":{\"image\":\"wp-content\\\/uploads\\\/photo-1558056524-97698af21ff8-scaled.jpg\",\"image_position\":\"center-center\",\"image_size\":\"cover\",\"media_overlay\":\"rgba(1, 97, 174, 0.57)\",\"position_sticky_breakpoint\":\"m\",\"style\":\"tile-primary\",\"width_medium\":\"1-4\",\"width_small\":\"1-2\"},\"children\":[{\"type\":\"headline\",\"props\":{\"content\":\"Starke Eltern \\u2013 Starke Kinder\",\"title_element\":\"h1\"}},{\"type\":\"text\",\"props\":{\"column_breakpoint\":\"m\",\"content\":\"\n\n<p>Die vom Deutschen Kinderschutzbund entwickelten Elternkurse sollen jegliche Gewalt in der Erziehung vorbeugen und die Kommunikation der Familie verbessern.<\\\/p>\",\"margin\":\"default\"}},{\"type\":\"button\",\"props\":{\"grid_column_gap\":\"small\",\"grid_row_gap\":\"small\",\"margin\":\"default\"},\"children\":[{\"type\":\"button_item\",\"props\":{\"button_style\":\"default\",\"content\":\"Mehr erfahren\",\"icon_align\":\"left\",\"link\":\"index.php\\\/was-wir-tun\\\/starke-eltern-starke-kinder\\\/\"}}]}]},{\"type\":\"column\",\"props\":{\"image\":\"wp-content\\\/uploads\\\/photo-1542000551557-3fd0ad0eb15f.jpg\",\"image_position\":\"center-center\",\"image_size\":\"cover\",\"media_overlay\":\"rgba(1, 97, 174, 0.58)\",\"position_sticky_breakpoint\":\"m\",\"style\":\"tile-primary\",\"width_medium\":\"1-4\",\"width_small\":\"1-2\"},\"children\":[{\"type\":\"headline\",\"props\":{\"content\":\"Bildung und Unter&shy;st\\u00fctzung\",\"title_element\":\"h1\"}},{\"type\":\"text\",\"props\":{\"column_breakpoint\":\"m\",\"content\":\"\n\n<p>Wir schauen auf die St\\u00e4rken jedes Kindes und helfen, diese auszubauen und gezielt zu nutzen. Gleichzeitig geben wir Strategien an die Hand, Probleme in den Griff zu bekommen und vermitteln dazu grundlegende Fertigkeiten.\\u00a0<\\\/p>\",\"margin\":\"default\"}},{\"type\":\"button\",\"props\":{\"grid_column_gap\":\"small\",\"grid_row_gap\":\"small\",\"margin\":\"default\"},\"children\":[{\"type\":\"button_item\",\"props\":{\"button_style\":\"default\",\"content\":\"Mehr erfahren\",\"icon_align\":\"left\",\"link\":\"index.php\\\/was-wir-tun\\\/kinderhaus-blauer-elefant-nordenham\\\/\"}}]}]},{\"type\":\"column\",\"props\":{\"image\":\"wp-content\\\/uploads\\\/photo-1490065498760-2828fc7f8180-scaled.jpg\",\"image_position\":\"center-center\",\"image_size\":\"cover\",\"media_overlay\":\"rgba(1, 97, 174, 0.57)\",\"position_sticky_breakpoint\":\"m\",\"style\":\"tile-primary\",\"width_medium\":\"1-4\",\"width_small\":\"1-2\"},\"children\":[{\"type\":\"headline\",\"props\":{\"content\":\"Kinder- und Jugend&shy;haus Eins&shy;warden\",\"title_element\":\"h1\"}},{\"type\":\"text\",\"props\":{\"column_breakpoint\":\"m\",\"content\":\"\n\n<p>STARK f\\u00fcr Kinder, ZUVERL\\u00c4SSIG f\\u00fcr Eltern, MUTIG f\\u00fcr alle! Unser Kinder-und Jugendhaus\\u00a0 bietet zahlreiche Hilfen f\\u00fcr Kinder und Familien aus einer Hand \\u2013 gem\\u00e4\\u00df dem Motto \\u201eStarke Hilfen unter einem Dach\\u201c.<\\\/p>\",\"margin\":\"default\"}},{\"type\":\"button\",\"props\":{\"grid_column_gap\":\"small\",\"grid_row_gap\":\"small\",\"margin\":\"default\"},\"children\":[{\"type\":\"button_item\",\"props\":{\"button_style\":\"default\",\"content\":\"Mehr erfahren\",\"icon_align\":\"left\",\"link\":\"index.php\\\/was-wir-tun\\\/starke-eltern-starke-kinder-2\\\/\"}}]}]}],\"props\":{\"layout\":\"1-4,1-4,1-4,1-4|1-2,1-2,1-2,1-2\",\"width\":\"xlarge\"}}]}],\"version\":\"4.3.4\"} --><\/p>\n","protected":false},"excerpt":{"rendered":"<p>Familien- und Kinder\u00adservice\u00adb\u00fcro In Nordenham betreuen rund 30 ausgebildete Kindertages-pflegepersonen ungef\u00e4hr 50 Kinder im Rahmen von Kindertagespflege. Mehr erfahren Starke Eltern \u2013 Starke Kinder Die vom Deutschen Kinderschutzbund entwickelten Elternkurse sollen jegliche Gewalt in der Erziehung vorbeugen und die Kommunikation der Familie verbessern. Mehr erfahren Bildung und Unter&shy;st\u00fctzung Wir schauen auf die St\u00e4rken jedes Kindes [&hellip;]<\/p>\n","protected":false},"author":1,"featured_media":0,"parent":0,"menu_order":0,"comment_status":"closed","ping_status":"closed","template":"","meta":{"footnotes":""},"class_list":["post-18","page","type-page","status-publish","hentry"],"_links":{"self":[{"href":"https:\/\/www.dksb-nordenham.de\/index.php\/wp-json\/wp\/v2\/pages\/18","targetHints":{"allow":["GET"]}}],"collection":[{"href":"https:\/\/www.dksb-nordenham.de\/index.php\/wp-json\/wp\/v2\/pages"}],"about":[{"href":"https:\/\/www.dksb-nordenham.de\/index.php\/wp-json\/wp\/v2\/types\/page"}],"author":[{"embeddable":true,"href":"https:\/\/www.dksb-nordenham.de\/index.php\/wp-json\/wp\/v2\/users\/1"}],"replies":[{"embeddable":true,"href":"https:\/\/www.dksb-nordenham.de\/index.php\/wp-json\/wp\/v2\/comments?post=18"}],"version-history":[{"count":40,"href":"https:\/\/www.dksb-nordenham.de\/index.php\/wp-json\/wp\/v2\/pages\/18\/revisions"}],"predecessor-version":[{"id":1379,"href":"https:\/\/www.dksb-nordenham.de\/index.php\/wp-json\/wp\/v2\/pages\/18\/revisions\/1379"}],"wp:attachment":[{"href":"https:\/\/www.dksb-nordenham.de\/index.php\/wp-json\/wp\/v2\/media?parent=18"}],"curies":[{"name":"wp","href":"https:\/\/api.w.org\/{rel}","templated":true}]}}