{"id":17,"date":"2020-09-28T10:05:04","date_gmt":"2020-09-28T10:05:04","guid":{"rendered":"https:\/\/www.dksb-nordenham.de\/?page_id=17"},"modified":"2021-01-08T11:04:28","modified_gmt":"2021-01-08T11:04:28","slug":"mitmachen","status":"publish","type":"page","link":"https:\/\/www.dksb-nordenham.de\/index.php\/mitmachen\/","title":{"rendered":"Mitmachen"},"content":{"rendered":"<h1>\n<p>Noch st\u00e4rker mit Ihrer Hilfe<\/p>\n<\/h1>\n<h1>Jetzt Mitglied werden<\/h1>\n<hr>\n<div>\n<p>\u00a0Mehr als 50.000 Mitglieder engagieren sich in \u00fcber 430 Orts- und Kreisverb\u00e4nden in ganz Deutschland f\u00fcr das Wohl unserer Kinder, und Sie k\u00f6nnen bald dazu geh\u00f6ren. Bitte f\u00fcllen Sie das Formular vollst\u00e4ndig aus.<br \/><strong>Wir freuen uns auf Sie!<\/strong><\/p>\n<\/div>\n<div>\n\n<div class=\"wpcf7 no-js\" id=\"wpcf7-f780-o1\" lang=\"de-DE\" dir=\"ltr\" data-wpcf7-id=\"780\">\n<div class=\"screen-reader-response\"><p role=\"status\" aria-live=\"polite\" aria-atomic=\"true\"><\/p> <ul><\/ul><\/div>\n<form action=\"\/index.php\/wp-json\/wp\/v2\/pages\/17#wpcf7-f780-o1\" method=\"post\" class=\"wpcf7-form init\" aria-label=\"Kontaktformular\" novalidate=\"novalidate\" data-status=\"init\">\n<fieldset class=\"hidden-fields-container\"><input type=\"hidden\" name=\"_wpcf7\" value=\"780\" \/><input type=\"hidden\" name=\"_wpcf7_version\" value=\"6.1.5\" \/><input type=\"hidden\" name=\"_wpcf7_locale\" value=\"de_DE\" \/><input type=\"hidden\" name=\"_wpcf7_unit_tag\" value=\"wpcf7-f780-o1\" \/><input type=\"hidden\" name=\"_wpcf7_container_post\" value=\"0\" \/><input type=\"hidden\" name=\"_wpcf7_posted_data_hash\" value=\"\" \/>\n<\/fieldset>\n<p><label> <span class=\"wpcf7-form-control-wrap\" data-name=\"anrede-511\"><select class=\"wpcf7-form-control wpcf7-select wpcf7-validates-as-required\" aria-required=\"true\" aria-invalid=\"false\" name=\"anrede-511\"><option value=\"Frau\">Frau<\/option><option value=\"Herr\">Herr<\/option><\/select><\/span> <\/label><br \/>\n<label><br \/>\n<span class=\"wpcf7-form-control-wrap\" data-name=\"your-name\"><input size=\"40\" maxlength=\"400\" class=\"wpcf7-form-control wpcf7-text wpcf7-validates-as-required\" aria-required=\"true\" aria-invalid=\"false\" placeholder=\"Vorname\/Nachname*\" value=\"\" type=\"text\" name=\"your-name\" \/><\/span> <\/label><br \/>\n<label><br \/>\n<span class=\"wpcf7-form-control-wrap\" data-name=\"firma\"><input size=\"40\" maxlength=\"400\" class=\"wpcf7-form-control wpcf7-text\" aria-invalid=\"false\" placeholder=\"Firma\" value=\"\" type=\"text\" name=\"firma\" \/><\/span> <\/label><br \/>\n<label><br \/>\n<span class=\"wpcf7-form-control-wrap\" data-name=\"text-str-hausnummer\"><input size=\"40\" maxlength=\"400\" class=\"wpcf7-form-control wpcf7-text wpcf7-validates-as-required\" aria-required=\"true\" aria-invalid=\"false\" placeholder=\"Stra\u00dfe\/Hausnummer*\" value=\"\" type=\"text\" name=\"text-str-hausnummer\" \/><\/span> <\/label><br \/>\n<label><br \/>\n<span class=\"wpcf7-form-control-wrap\" data-name=\"text-plz-ort\"><input size=\"40\" maxlength=\"400\" class=\"wpcf7-form-control wpcf7-text wpcf7-validates-as-required\" aria-required=\"true\" aria-invalid=\"false\" placeholder=\"PLZ\/Ort*\" value=\"\" type=\"text\" name=\"text-plz-ort\" \/><\/span> <\/label><br \/>\n<label><br \/>\n<span class=\"wpcf7-form-control-wrap\" data-name=\"tel-787\"><input size=\"40\" maxlength=\"400\" class=\"wpcf7-form-control wpcf7-tel wpcf7-validates-as-required wpcf7-text wpcf7-validates-as-tel\" aria-required=\"true\" aria-invalid=\"false\" placeholder=\"Telefon*\" value=\"\" type=\"tel\" name=\"tel-787\" \/><\/span> <\/label><br \/>\n<label><br \/>\n<span class=\"wpcf7-form-control-wrap\" data-name=\"your-email\"><input size=\"40\" maxlength=\"400\" class=\"wpcf7-form-control wpcf7-email wpcf7-validates-as-required wpcf7-text wpcf7-validates-as-email\" aria-required=\"true\" aria-invalid=\"false\" placeholder=\"E-Mail Adresse*\" value=\"\" type=\"email\" name=\"your-email\" \/><\/span> <\/label><br \/>\n<label><br \/>\n<span class=\"wpcf7-form-control-wrap\" data-name=\"your-message\"><textarea cols=\"40\" rows=\"10\" maxlength=\"2000\" class=\"wpcf7-form-control wpcf7-textarea\" aria-invalid=\"false\" placeholder=\"Ihre Nachricht\" name=\"your-message\"><\/textarea><\/span> <\/label>\n<\/p>\n<p><span class=\"wpcf7-form-control-wrap\" data-name=\"datenschutz\"><span class=\"wpcf7-form-control wpcf7-acceptance\"><span class=\"wpcf7-list-item\"><label><input type=\"checkbox\" name=\"datenschutz\" value=\"1\" aria-invalid=\"false\" \/><span class=\"wpcf7-list-item-label\">Ich bin damit einverstanden, dass meine personenbezogenen Daten zur Beantwortung der Anfrage bzw. zum Abschluss der Buchung erhoben und gespeichert werden.*<\/span><\/label><\/span><\/span><\/span>\n<\/p>\n<p><input class=\"wpcf7-form-control wpcf7-submit has-spinner\" type=\"submit\" value=\"Senden\" \/>\n<\/p><div class=\"wpcf7-response-output\" aria-hidden=\"true\"><\/div>\n<\/form>\n<\/div>\n<\/div>\n<p><img decoding=\"async\" data-src=\"\/wp-content\/uploads\/2021\/01\/iconmonstr-quote-left-thin.svg\" alt=\"\" src=\"data:image\/svg+xml;base64,PHN2ZyB3aWR0aD0iMSIgaGVpZ2h0PSIxIiB4bWxucz0iaHR0cDovL3d3dy53My5vcmcvMjAwMC9zdmciPjwvc3ZnPg==\" class=\"lazyload\"><\/p>\n<h4>Der Deutsche Kinderschutzbund O.V. Nordenham versteht sich als<\/h4>\n<h1>die Lobby f\u00fcr Kinder<\/h1>\n<div>\n<p>Der Verein setzt sich f\u00fcr die Anerkennung der Rechte der Kinder und eine kinderfreundliche Gesellschaft ein. Dazu geh\u00f6ren der Schutz der Kinder vor jeglicher Gewalt und die F\u00f6rderung ihrer geistigen, psychischen, sozialen und k\u00f6rperlichen Entwicklung. Basis unserer Arbeit ist die UN-Kinderrechtskonvention.<\/p>\n<p>Mit der gro\u00dfen Hilfe von vielen hauptamtlichen, nebenamtlichen und ehrenamtlichen MitarbeiterInnen haben wir in Nordenham bis heute zahlreiche Angebote ins Leben gerufen. Der OV Nordenham des Deutschen Kinderschutzbundes ist ein eingetragener Verein und steuerlich als gemeinn\u00fctzig anerkannt. Die Finanzierung erfolgt \u00fcber \u00f6ffentliche F\u00f6rdermittel, Mitgliederbeitr\u00e4ge, gerichtliche Geldauflagen und Spenden.<\/p>\n<\/div>\n<p><!-- {\"type\":\"layout\",\"children\":[{\"type\":\"section\",\"props\":{\"style\":\"muted\",\"width\":\"default\",\"vertical_align\":\"middle\",\"title_position\":\"top-left\",\"title_rotation\":\"left\",\"title_breakpoint\":\"xl\",\"image_position\":\"center-center\",\"padding\":\"small\"},\"children\":[{\"type\":\"row\",\"children\":[{\"type\":\"column\",\"props\":{\"image_position\":\"center-center\",\"media_overlay_gradient\":\"\",\"width_medium\":\"1-2\",\"vertical_align\":\"middle\",\"padding\":\"large\"},\"children\":[{\"type\":\"headline\",\"props\":{\"title_element\":\"h1\",\"title_style\":\"h3\",\"text_align\":\"right\",\"margin_remove_bottom\":true,\"content\":\"\n\n<p>Noch st\\u00e4rker mit Ihrer Hilfe<\\\/p>\"}},{\"type\":\"headline\",\"props\":{\"title_element\":\"h1\",\"title_style\":\"heading-large\",\"text_align\":\"right\",\"margin\":\"small\",\"content\":\"Jetzt Mitglied werden\"}},{\"type\":\"divider\",\"props\":{\"divider_element\":\"hr\",\"divider_style\":\"small\",\"divider_align\":\"right\"}},{\"type\":\"text\",\"props\":{\"margin\":\"medium\",\"column_breakpoint\":\"m\",\"text_align\":\"right\",\"content\":\"\n\n<p>\\u00a0Mehr als 50.000 Mitglieder engagieren sich in \\u00fcber 430 Orts- und Kreisverb\\u00e4nden in ganz Deutschland f\\u00fcr das Wohl unserer Kinder, und Sie k\\u00f6nnen bald dazu geh\\u00f6ren. Bitte f\\u00fcllen Sie das Formular vollst\\u00e4ndig aus.<br \\\/><strong>Wir freuen uns auf Sie!<\\\/strong><\\\/p>\"}}]},{\"type\":\"column\",\"props\":{\"image_position\":\"center-center\",\"media_overlay_gradient\":\"\",\"width_medium\":\"1-2\"},\"children\":[{\"type\":\"html\",\"props\":{\"content\":\"[contact-form-7 id=\\\"780\\\" title=\\\"mitmachen\\\"]\",\"css\":\"input[type=\\\"text\\\"],\\ninput[type=\\\"email\\\"],\\ninput[type=\\\"tel\\\"]\\n{\\n    background-color: #fff;\\n    color: #333;\\n    border: 1px solid #dcdcdc;\\n    height: 30px;\\n    width: 100%;\\n    padding-left: 10px;\\n    font-family: Roboto;\\n    font-size: 15px;\\n}\\n\\ntextarea\\n{\\n    border: 1px solid #dcdcdc;\\n    width: 100%;\\n    padding-left: 10px;\\n    padding-top: 10px;\\n    font-family: Roboto;\\n    font-size: 15px;\\n}\\n\\nselect\\n{\\n    border: 1px solid #dcdcdc;\\n    padding: 8px;\\n    color: #7f7f7f;\\n}\\n\\n.wpcf7 .wpcf7-submit{\\n      border: 1px solid #004f90;\\n    background-color: #fff;\\n    padding: 15px;\\n    width: 30%;\\n    text-transform: uppercase;\\n    letter-spacing: 3px;\\n    font-family: Oswald;\\n    font-weight: 400;\\n    color: #004f90;\\n    transition: .1s ease-in-out;\\n}\\n\\n.wpcf7 .wpcf7-submit:hover{\\n    border: 1px solid #fff;\\n    background-color: #0060ae;\\n    padding: 15px;\\n    width: 30%;\\n    text-transform: uppercase;\\n    letter-spacing: 3px;\\n    font-family: Oswald;\\n    font-weight: 400;\\n    color: #fff;\\n    transition: .1s ease-in-out;\\n}\\n\\n\\n.wpcf7 div.wpcf7-response-output {\\nbackground-color:#044c86;\\nfont-size:18px;\\nborder:none;\\n}\"}}]}],\"props\":{\"layout\":\"1-2,1-2\",\"divider\":true,\"width\":\"default\"}}]},{\"type\":\"section\",\"props\":{\"style\":\"primary\",\"width\":\"default\",\"vertical_align\":\"middle\",\"title_position\":\"top-left\",\"title_rotation\":\"left\",\"title_breakpoint\":\"xl\",\"image_position\":\"center-center\",\"image\":\"wp-content\\\/uploads\\\/photo-1502086223501-7ea6ecd79368-scaled.jpg\",\"image_size\":\"cover\",\"media_overlay\":\"rgba(0, 96, 174, 0.58)\"},\"children\":[{\"type\":\"row\",\"children\":[{\"type\":\"column\",\"props\":{\"image_position\":\"center-center\",\"media_overlay_gradient\":\"\"},\"children\":[{\"type\":\"image\",\"props\":{\"margin\":\"remove-vertical\",\"image_svg_color\":\"emphasis\",\"image\":\"wp-content\\\/uploads\\\/2021\\\/01\\\/iconmonstr-quote-left-thin.svg\",\"image_width\":\"75\",\"image_svg_inline\":true,\"text_align\":\"center\"}},{\"type\":\"headline\",\"props\":{\"title_element\":\"h4\",\"text_align\":\"center\",\"margin\":\"small\",\"content\":\"Der Deutsche Kinderschutzbund O.V. Nordenham versteht sich als\"}},{\"type\":\"headline\",\"props\":{\"title_element\":\"h1\",\"text_align\":\"center\",\"margin\":\"small\",\"content\":\"die Lobby f\\u00fcr Kinder\"}},{\"type\":\"text\",\"props\":{\"margin\":\"default\",\"column_breakpoint\":\"m\",\"text_align\":\"center\",\"content\":\"\n\n<p>Der Verein setzt sich f\\u00fcr die Anerkennung der Rechte der Kinder und eine kinderfreundliche Gesellschaft ein. Dazu geh\\u00f6ren der Schutz der Kinder vor jeglicher Gewalt und die F\\u00f6rderung ihrer geistigen, psychischen, sozialen und k\\u00f6rperlichen Entwicklung. Basis unserer Arbeit ist die UN-Kinderrechtskonvention.<\\\/p>\\n\n\n<p>Mit der gro\\u00dfen Hilfe von vielen hauptamtlichen, nebenamtlichen und ehrenamtlichen MitarbeiterInnen haben wir in Nordenham bis heute zahlreiche Angebote ins Leben gerufen. Der OV Nordenham des Deutschen Kinderschutzbundes ist ein eingetragener Verein und steuerlich als gemeinn\\u00fctzig anerkannt. Die Finanzierung erfolgt \\u00fcber \\u00f6ffentliche F\\u00f6rdermittel, Mitgliederbeitr\\u00e4ge, gerichtliche Geldauflagen und Spenden.<\\\/p>\"}}]}],\"props\":{\"width\":\"small\"}}]}],\"version\":\"2.2.5\"} --><\/p>\n","protected":false},"excerpt":{"rendered":"<p>Noch st\u00e4rker mit Ihrer Hilfe Jetzt Mitglied werden \u00a0Mehr als 50.000 Mitglieder engagieren sich in \u00fcber 430 Orts- und Kreisverb\u00e4nden in ganz Deutschland f\u00fcr das Wohl unserer Kinder, und Sie k\u00f6nnen bald dazu geh\u00f6ren. Bitte f\u00fcllen Sie das Formular vollst\u00e4ndig aus.Wir freuen uns auf Sie! Der Deutsche Kinderschutzbund O.V. Nordenham versteht sich als die Lobby [&hellip;]<\/p>\n","protected":false},"author":1,"featured_media":0,"parent":0,"menu_order":0,"comment_status":"closed","ping_status":"closed","template":"","meta":{"footnotes":""},"class_list":["post-17","page","type-page","status-publish","hentry"],"_links":{"self":[{"href":"https:\/\/www.dksb-nordenham.de\/index.php\/wp-json\/wp\/v2\/pages\/17","targetHints":{"allow":["GET"]}}],"collection":[{"href":"https:\/\/www.dksb-nordenham.de\/index.php\/wp-json\/wp\/v2\/pages"}],"about":[{"href":"https:\/\/www.dksb-nordenham.de\/index.php\/wp-json\/wp\/v2\/types\/page"}],"author":[{"embeddable":true,"href":"https:\/\/www.dksb-nordenham.de\/index.php\/wp-json\/wp\/v2\/users\/1"}],"replies":[{"embeddable":true,"href":"https:\/\/www.dksb-nordenham.de\/index.php\/wp-json\/wp\/v2\/comments?post=17"}],"version-history":[{"count":65,"href":"https:\/\/www.dksb-nordenham.de\/index.php\/wp-json\/wp\/v2\/pages\/17\/revisions"}],"predecessor-version":[{"id":939,"href":"https:\/\/www.dksb-nordenham.de\/index.php\/wp-json\/wp\/v2\/pages\/17\/revisions\/939"}],"wp:attachment":[{"href":"https:\/\/www.dksb-nordenham.de\/index.php\/wp-json\/wp\/v2\/media?parent=17"}],"curies":[{"name":"wp","href":"https:\/\/api.w.org\/{rel}","templated":true}]}}