{"id":163,"date":"2021-01-05T08:05:54","date_gmt":"2021-01-05T08:05:54","guid":{"rendered":"https:\/\/www.dksb-nordenham.de\/?page_id=163"},"modified":"2021-04-27T10:14:18","modified_gmt":"2021-04-27T10:14:18","slug":"familien-und-kinderservicebuero","status":"publish","type":"page","link":"https:\/\/www.dksb-nordenham.de\/index.php\/was-wir-tun\/familien-und-kinderservicebuero\/","title":{"rendered":"Familien- und Kinderserviceb\u00fcro"},"content":{"rendered":"<h1>\n<p>Familien- und Kinderservice-b\u00fcro<\/p>\n<\/h1>\n<div>\n<p><strong>Die Kindertagespflege hat sich im System der fru\u0308hkindlichen Bildung, Betreuung und Erziehung in den letzten Jahren etabliert.<\/strong><\/p>\n<p>Die familiennahe und flexible Betreuungsform wird immer mehr nachgefragt. Kindertagespflege ist eine gesetzlich anerkannte Betreuungsform, die insbesondere fu\u0308r Kinder unter drei Jahren der Betreuung in einer Kita gleichgestellt ist.<\/p>\n<p>Mit ihren familien\u00e4hnlichen Strukturen ist sie besonders gut fu\u0308r die Ju\u0308ngsten geeignet, weil diese dort in kleinen Gruppen von maximal fu\u0308nf Kindern je Tagespflegeperson erste Erfahrungen mit Gleichaltrigen sammeln k\u00f6nnen. Aber auch fu\u0308r Kinder u\u0308ber drei Jahren bietet sich Kindertagespflege als Betreuungsform an.\u00a0<\/p>\n<\/div>\n<div>\n<p>Die Tagesmutter oder der Tagesvater unterstu\u0308tzt und f\u00f6rdert die Entwicklung Ihres Kindes dabei individuell. Viele Eltern sch\u00e4tzen auch die flexiblen M\u00f6glichkeiten der Kindertagespflege.<\/p>\n<p>In besonderen Situationen k\u00f6nnen Eltern die Kindertagespflege auch erg\u00e4nzend zur Kita nutzen. Die Kindertagespflege erfolgt in den eigenen R\u00e4umen der Tagesmutter oder des Tagesvaters, im Haushalt der Eltern oder in anderen geeigneten R\u00e4umen. Das Bundesministerium fu\u0308r Familie, Senioren, Frauen und Jugend (BMFSJ) startete zum ersten Januar 2019 das Bundesprogramm \u201eProKindertagespflege: Wo Bildung fu\u0308r die Kleinsten beginnt\u201c. Nach dem Motto \u201eQualifiziert Handeln und Betreuen\u201c sollen die Kindertagespflege weiter gest\u00e4rkt und die Rahmenbedingungen verbessert werden.<\/p>\n<\/div>\n<h2>was wir tun<\/h2>\n<ul>\n<li>\n<h3>Die Hauptaufgabe unserer Einrichtungen<\/h3>\n<div>\n<ul>\n<li>Organisation und Koordination von\u00a0Kindertagespflege<\/li>\n<li>Aufbau von Netzwerkstrukturen<\/li>\n<li>Vermittlung zertifizierter Tagesm\u00fctter\/-v\u00e4ter und Babysitter<\/li>\n<\/ul>\n<p>In Nordenham betreuen rund 30 ausgebildete Kindertagespflegepersonen ungef\u00e4hr 50 Kinder im Rahmen von Kindertagespflege.<\/p>\n<\/div>\n<\/li>\n<li>\n<h3>Ziele der Familien- und Kinderserviceb\u00fcros<\/h3>\n<div>\n<ul>\n<li>Verbesserung der Vereinbarung von Familie und Beruf durch passgenaue und flexible Betreungsformen<\/li>\n<li>Verbesserung der fr\u00fchkindlichen Bildung<\/li>\n<li>Informationsdrehscheibe f\u00fcr Familien (wer bietet was an, wo gibt es Hilfe?)<\/li>\n<\/ul>\n<\/div>\n<\/li>\n<li>\n<h3>Unser Service<\/h3>\n<div>\n<ul>\n<li>Umfassende kostenlose Beratung zur Kinderbetreuung aller Altersstufen<\/li>\n<li>Vermittlung von flexibler und individueller Kinderbetreuung nach festen Qualit\u00e4tsstandards\u00a0<\/li>\n<li>Beratung von Erziehungsberechtigten, deren Kinder in Tagespflege betreut werden.<\/li>\n<li>Qualifizierung und laufende Fortbildung f\u00fcr Tagesm\u00fctter\/-v\u00e4ter<\/li>\n<li>Monatliches Infofr\u00fchst\u00fcck f\u00fcr Tagesm\u00fctter\/-v\u00e4ter und Familien<\/li>\n<li>Babysitterqualifizierung<\/li>\n<li>Babybegr\u00fc\u00dfungspaket<\/li>\n<\/ul>\n<\/div>\n<\/li>\n<li>\n<h3>KINT &#8211; Krabbelgruppeninformationsteam<\/h3>\n<div>\n<p>Das Krabbelgruppeninformationsteam (KINT) besucht auf Einladung selbstorganisierte und institutionalisierte Eltern-Kind-Gruppen in der n\u00f6rdlichen Wesermarsch. Das KINT-Team, bestehend aus einer p\u00e4dagogisch qualifizierten Fachkraft des Kinderschutzbundes Nordenham und einer medizinisch gebildeten Fachkraft, aktuell einer Familienhebamme, arbeitet stets zu zweit und steht Eltern und anderen Erziehenden f\u00fcr Fragen zu kindlicher Entwicklung, Ern\u00e4hrung, Gesundheit und dem Alltag mit dem Kind zur Verf\u00fcgung. In entspannter Atmosph\u00e4re f\u00e4llt es den TeilnehmerInnen leicht, Fragen zu stellen und ins Gespr\u00e4ch zu kommen. Der Besuch des KINT-Teams ist kostenlos und wird im Rahmen der Fr\u00fchen Hilfen angeboten.<\/p>\n<p>Das Projekt \u201eFr\u00fche Hilfen\u201c wurde entwickelt durch den Landkreis Wesermarsch und ortsans\u00e4ssige Tr\u00e4ger der Kreisarbeitsgemeinschaft der Wohlfahrtsverb\u00e4nde.<\/p>\n<\/div>\n<\/li>\n<li>\n<h3>Eltern-Kind-Gruppen<\/h3>\n<div>\n<p>Jeden Dienstag treffen wir uns von 9.30 bis 11.30 Uhr. Die M\u00fctter k\u00f6nnen sich untereinander austauschen. Die Kinder werden ganzheitlich gef\u00f6rdert durch gemeinsames Singen, Fingerspiele, Wahrnehmungsspiele und gemeinsame Aktivit\u00e4ten wie Spazierg\u00e4nge, Besuch der Kinder- und Jugendfarm oder Zoobesuch. Gemeinsames freies Spielen f\u00f6rdert die Sozialkompetenz der Kinder. Eine engagierte Mutter leitet diese\u00a0Treffen, bei Fachfragen ist immer eine Fachkraft vor Ort.<\/p>\n<p><strong>Elternfortbildungen &#8222;Wach, neugierig, klug&#8220;<\/strong><br \/>In der Spiel- und Lerngruppe mit dem Titel \u201eWach, neugierig, klug \u2013 kompetente Erwachsene f\u00fcr Kinder unter drei\u201c werden Grundthemen der Erziehung angesprochen und wichtiges Basiswissen vermittelt. Die Konzeption wurde von der Bertelsmann Stiftung gemeinsam mit dem Staatsinstitut f\u00fcr Fr\u00fchp\u00e4dagogik entwickelt und der Spielgruppenarbeit angepasst.<\/p>\n<p>Au\u00dferdem gibt es Kurse<\/p>\n<ul>\n<li>f\u00fcr Eltern mit Migrationshintergrund<\/li>\n<li>f\u00fcr alle, die interessiert sind<\/li>\n<\/ul>\n<p><strong>Diese Kurse sind kostenfrei.<\/strong><\/p>\n<\/div>\n<\/li>\n<li>\n<h3>Das Zeitfenster<\/h3>\n<div>\n<p>des Familien- und Kinderserviceb\u00fcro Nordenham zeigt die Veranstaltungen des kommenden Monats an und gibt gleichzeitig eine kleine R\u00fcckschau der k\u00fcrzlich stattgefundenen Ereignisse.<\/p>\n<p><strong>Begr\u00fc\u00dfungspaket zur Geburt<br \/><\/strong>Unsere Begr\u00fc\u00dfungspakete enthalten au\u00dfer vielen n\u00fctzlichen Informationen kleine Geschenke, wie Stricks\u00f6ckchen, Gutscheine und kleine Geschenke. Die Begr\u00fc\u00dfungspakete werden m\u00f6glich gemacht durch Sponsoren.<\/p>\n<p><strong>Info-Fr\u00fchst\u00fcck f\u00fcr Kindertagespflegepersonen<br \/><\/strong>Termine: jeden ersten Mittwoch im Monat<br \/>von 9.30 bis 11.30 Uhr<br \/>Die einzelnen Themen entnehmen Sie bitte unserem Terminkalender.<\/p>\n<p>Wir bitten um Anmeldung beim<br \/>Familien- und Kinderserviceb\u00fcro Nordenham, Herbertstra\u00dfe 3<br \/>Tel. 04731-22094<br \/><a href=\"mailto:fuks-nordenham@dksb-nordenham.de\">fuks-nordenham@dksb-nordenham.de<\/a><\/p>\n<\/div>\n<\/li>\n<\/ul>\n<h1>Unser Familien- und Kinderservice Team<\/h1>\n<ul>\n<li>\n<p>        <img decoding=\"async\" data-src=\"\/wp-content\/uploads\/2021\/04\/186A1456_.jpg\" alt=\"\" src=\"data:image\/svg+xml;base64,PHN2ZyB3aWR0aD0iMSIgaGVpZ2h0PSIxIiB4bWxucz0iaHR0cDovL3d3dy53My5vcmcvMjAwMC9zdmciPjwvc3ZnPg==\" class=\"lazyload\" style=\"--smush-placeholder-width: 1600px; --smush-placeholder-aspect-ratio: 1600\/1067;\"><\/p>\n<div>\n<p><strong>Annika Tannert<\/strong><br \/>Familien- und Kinderserviceb\u00fcro <strong>Brake<\/strong><\/p>\n<\/div>\n<\/li>\n<li>\n<p>        <img decoding=\"async\" data-src=\"\/wp-content\/uploads\/2021\/04\/anja_bauch.jpg\" alt=\"\" src=\"data:image\/svg+xml;base64,PHN2ZyB3aWR0aD0iMSIgaGVpZ2h0PSIxIiB4bWxucz0iaHR0cDovL3d3dy53My5vcmcvMjAwMC9zdmciPjwvc3ZnPg==\" class=\"lazyload\" style=\"--smush-placeholder-width: 1600px; --smush-placeholder-aspect-ratio: 1600\/1067;\"><\/p>\n<div>\n<p><strong>Anja Bauch<\/strong><br \/>Familien- und Kinderserviceb\u00fcro <strong>Nordenham<\/strong><\/p>\n<\/div>\n<\/li>\n<\/ul>\n<div>\n<h3>Familien- und Kinderservice Brake<\/h3>\n<div>\n<p>Deutscher Kinderschutzbund<br \/>Ortverband Nordenham e.V.<br \/>Familien- und Kinderserviceb\u00fcro<br \/>Kindertagespflege<\/p>\n<p>Breite Str. 118, 26919 Brake<br \/>\u00d6ffnungszeiten: Di 9.00 &#8211; 12.00 u. Do 14.00 bis 17.00 Uhr<br \/>Telefon: 04401\/7049743<br \/><a href=\"mailto:fuks.brake@dksb-nordenham.de\">fuks.brake@dksb-nordenham.de<\/a><\/p>\n<\/div>\n<\/div>\n<div>\n<h3>FAMILIEN- UND KINDERSERVICE Nordenham<\/h3>\n<div>\n<p>Deutscher Kinderschutzbund<br \/>Ortverband Nordenham e.V. <br \/>Familien- und Kinderserviceb\u00fcro <br \/>Kindertagespflege<\/p>\n<p>Herbertstra\u00dfe 3 <br \/>26954 Nordenham <br \/>\u00d6ffnungszeiten: Mo-Mi 9.00 bis 12.00 Uhr <br \/>Telefon: 04731\/22094 <br \/><a href=\"mailto:fuks.nordenham@dksb-nordenham.de\">fuks.nordenham@dksb-nordenham.de<\/a><\/p>\n<\/div>\n<\/div>\n<p><!-- {\"name\":\"Careers\",\"type\":\"layout\",\"children\":[{\"name\":\"About\",\"type\":\"section\",\"props\":{\"width\":\"large\",\"padding\":\"large\",\"style\":\"primary\",\"image_size\":\"contain\",\"image_position\":\"center-left\",\"vertical_align\":\"middle\",\"title_position\":\"top-left\",\"title_rotation\":\"left\",\"title_breakpoint\":\"xl\",\"image\":\"wp-content\\\/uploads\\\/2021\\\/01\\\/familien_und_servicebuero_hintergrund_blau.jpg\",\"media_overlay\":\"rgba(0, 96, 174, 0.35)\"},\"children\":[{\"name\":\"\",\"type\":\"row\",\"props\":{\"layout\":\"1-3,1-3,1-3\",\"divider\":true,\"column_gap\":\"large\",\"row_gap\":\"large\"},\"children\":[{\"name\":\"\",\"type\":\"column\",\"props\":{\"image_position\":\"center-center\",\"media_overlay_gradient\":\"\",\"width_medium\":\"1-3\"},\"children\":[{\"name\":\"\",\"type\":\"headline\",\"props\":{\"title_element\":\"h1\",\"content\":\"\n\n<p>Familien- und Kinderservice-b\\u00fcro<\\\/p>\",\"text_align\":\"left\",\"title_style\":\"heading-small\"}}]},{\"name\":\"\",\"type\":\"column\",\"props\":{\"image_position\":\"center-center\",\"media_overlay_gradient\":\"\",\"width_medium\":\"1-3\"},\"children\":[{\"type\":\"text\",\"props\":{\"margin\":\"default\",\"column_breakpoint\":\"m\",\"content\":\"\n\n<p><strong>Die Kindertagespflege hat sich im System der fru\\u0308hkindlichen Bildung, Betreuung und Erziehung in den letzten Jahren etabliert.<\\\/strong><\\\/p>\\n\n\n<p>Die familiennahe und flexible Betreuungsform wird immer mehr nachgefragt. Kindertagespflege ist eine gesetzlich anerkannte Betreuungsform, die insbesondere fu\\u0308r Kinder unter drei Jahren der Betreuung in einer Kita gleichgestellt ist.<\\\/p>\\n\n\n<p>Mit ihren familien\\u00e4hnlichen Strukturen ist sie besonders gut fu\\u0308r die Ju\\u0308ngsten geeignet, weil diese dort in kleinen Gruppen von maximal fu\\u0308nf Kindern je Tagespflegeperson erste Erfahrungen mit Gleichaltrigen sammeln k\\u00f6nnen. Aber auch fu\\u0308r Kinder u\\u0308ber drei Jahren bietet sich Kindertagespflege als Betreuungsform an.\\u00a0<\\\/p>\"}}]},{\"type\":\"column\",\"props\":{\"image_position\":\"center-center\",\"media_overlay_gradient\":\"\",\"width_medium\":\"1-3\"},\"children\":[{\"type\":\"text\",\"props\":{\"margin\":\"default\",\"column_breakpoint\":\"m\",\"content\":\"\n\n<p>Die Tagesmutter oder der Tagesvater unterstu\\u0308tzt und f\\u00f6rdert die Entwicklung Ihres Kindes dabei individuell. Viele Eltern sch\\u00e4tzen auch die flexiblen M\\u00f6glichkeiten der Kindertagespflege.<\\\/p>\\n\n\n<p>In besonderen Situationen k\\u00f6nnen Eltern die Kindertagespflege auch erg\\u00e4nzend zur Kita nutzen. Die Kindertagespflege erfolgt in den eigenen R\\u00e4umen der Tagesmutter oder des Tagesvaters, im Haushalt der Eltern oder in anderen geeigneten R\\u00e4umen. Das Bundesministerium fu\\u0308r Familie, Senioren, Frauen und Jugend (BMFSJ) startete zum ersten Januar 2019 das Bundesprogramm \\u201eProKindertagespflege: Wo Bildung fu\\u0308r die Kleinsten beginnt\\u201c. Nach dem Motto \\u201eQualifiziert Handeln und Betreuen\\u201c sollen die Kindertagespflege weiter gest\\u00e4rkt und die Rahmenbedingungen verbessert werden.<\\\/p>\"}}]}]}]},{\"name\":\"Jobs\",\"type\":\"section\",\"props\":{\"width\":\"large\",\"padding\":\"large\",\"style\":\"muted\",\"padding_remove_top\":false,\"image_size\":\"cover\",\"image_position\":\"center-center\",\"vertical_align\":\"middle\",\"title_position\":\"top-left\",\"title_rotation\":\"left\",\"title_breakpoint\":\"xl\",\"preserve_color\":true},\"children\":[{\"name\":\"\",\"type\":\"row\",\"children\":[{\"name\":\"\",\"type\":\"column\",\"props\":{\"image_position\":\"center-center\",\"media_overlay_gradient\":\"\",\"width_medium\":\"1-1\"},\"children\":[{\"name\":\"\",\"type\":\"headline\",\"props\":{\"title_element\":\"h2\",\"content\":\"was wir tun\",\"text_align\":\"center\",\"title_style\":\"h1\"}},{\"name\":\"\",\"type\":\"grid\",\"props\":{\"show_title\":true,\"show_meta\":true,\"show_content\":true,\"show_image\":true,\"show_link\":true,\"grid_default\":\"1\",\"grid_medium\":\"3\",\"title_element\":\"h3\",\"meta_style\":\"meta\",\"meta_align\":\"below-title\",\"image_align\":\"top\",\"image_grid_width\":\"1-2\",\"link_text\":\"Read more\",\"link_style\":\"text\",\"margin\":\"medium\",\"panel_style\":\"card-default\",\"filter_style\":\"tab\",\"filter_all\":true,\"filter_position\":\"top\",\"filter_align\":\"left\",\"filter_grid_width\":\"auto\",\"title_align\":\"top\",\"title_grid_width\":\"1-2\",\"image_svg_color\":\"emphasis\",\"item_animation\":\"\",\"title_hover_style\":\"reset\",\"grid_column_gap\":\"large\",\"grid_row_gap\":\"large\",\"filter_grid_breakpoint\":\"m\",\"title_grid_breakpoint\":\"m\",\"image_grid_breakpoint\":\"m\",\"content_column_breakpoint\":\"m\",\"icon_width\":80,\"meta_element\":\"div\",\"grid_masonry\":true},\"children\":[{\"name\":\"\",\"type\":\"grid_item\",\"props\":{\"title\":\"Die Hauptaufgabe unserer Einrichtungen\",\"content\":\"\n\n<ul>\\n\n\n<li>Organisation und Koordination von\\u00a0Kindertagespflege<\\\/li>\\n\n\n<li>Aufbau von Netzwerkstrukturen<\\\/li>\\n\n\n<li>Vermittlung zertifizierter Tagesm\\u00fctter\\\/-v\\u00e4ter und Babysitter<\\\/li>\\n<\\\/ul>\\n\n\n<p>In Nordenham betreuen rund 30 ausgebildete Kindertagespflegepersonen ungef\\u00e4hr 50 Kinder im Rahmen von Kindertagespflege.<\\\/p>\",\"link\":\"\"}},{\"name\":\"\",\"type\":\"grid_item\",\"props\":{\"title\":\"Ziele der Familien- und Kinderserviceb\\u00fcros\",\"content\":\"\n\n<ul>\\n\n\n<li>Verbesserung der Vereinbarung von Familie und Beruf durch passgenaue und flexible Betreungsformen<\\\/li>\\n\n\n<li>Verbesserung der fr\\u00fchkindlichen Bildung<\\\/li>\\n\n\n<li>Informationsdrehscheibe f\\u00fcr Familien (wer bietet was an, wo gibt es Hilfe?)<\\\/li>\\n<\\\/ul>\",\"link\":\"\"}},{\"name\":\"\",\"type\":\"grid_item\",\"props\":{\"title\":\"Unser Service\",\"content\":\"\n\n<ul>\\n\n\n<li>Umfassende kostenlose Beratung zur Kinderbetreuung aller Altersstufen<\\\/li>\\n\n\n<li>Vermittlung von flexibler und individueller Kinderbetreuung nach festen Qualit\\u00e4tsstandards\\u00a0<\\\/li>\\n\n\n<li>Beratung von Erziehungsberechtigten, deren Kinder in Tagespflege betreut werden.<\\\/li>\\n\n\n<li>Qualifizierung und laufende Fortbildung f\\u00fcr Tagesm\\u00fctter\\\/-v\\u00e4ter<\\\/li>\\n\n\n<li>Monatliches Infofr\\u00fchst\\u00fcck f\\u00fcr Tagesm\\u00fctter\\\/-v\\u00e4ter und Familien<\\\/li>\\n\n\n<li>Babysitterqualifizierung<\\\/li>\\n\n\n<li>Babybegr\\u00fc\\u00dfungspaket<\\\/li>\\n<\\\/ul>\",\"link\":\"\"}},{\"name\":\"\",\"type\":\"grid_item\",\"props\":{\"title\":\"KINT - Krabbelgruppeninformationsteam\",\"content\":\"\n\n<p>Das Krabbelgruppeninformationsteam (KINT) besucht auf Einladung selbstorganisierte und institutionalisierte Eltern-Kind-Gruppen in der n\\u00f6rdlichen Wesermarsch. Das KINT-Team, bestehend aus einer p\\u00e4dagogisch qualifizierten Fachkraft des Kinderschutzbundes Nordenham und einer medizinisch gebildeten Fachkraft, aktuell einer Familienhebamme, arbeitet stets zu zweit und steht Eltern und anderen Erziehenden f\\u00fcr Fragen zu kindlicher Entwicklung, Ern\\u00e4hrung, Gesundheit und dem Alltag mit dem Kind zur Verf\\u00fcgung. In entspannter Atmosph\\u00e4re f\\u00e4llt es den TeilnehmerInnen leicht, Fragen zu stellen und ins Gespr\\u00e4ch zu kommen. Der Besuch des KINT-Teams ist kostenlos und wird im Rahmen der Fr\\u00fchen Hilfen angeboten.<\\\/p>\\n\n\n<p>Das Projekt \\u201eFr\\u00fche Hilfen\\u201c wurde entwickelt durch den Landkreis Wesermarsch und ortsans\\u00e4ssige Tr\\u00e4ger der Kreisarbeitsgemeinschaft der Wohlfahrtsverb\\u00e4nde.<\\\/p>\",\"link\":\"\"}},{\"name\":\"\",\"type\":\"grid_item\",\"props\":{\"title\":\"Eltern-Kind-Gruppen\",\"content\":\"\n\n<p>Jeden Dienstag treffen wir uns von 9.30 bis 11.30 Uhr. Die M\\u00fctter k\\u00f6nnen sich untereinander austauschen. Die Kinder werden ganzheitlich gef\\u00f6rdert durch gemeinsames Singen, Fingerspiele, Wahrnehmungsspiele und gemeinsame Aktivit\\u00e4ten wie Spazierg\\u00e4nge, Besuch der Kinder- und Jugendfarm oder Zoobesuch. Gemeinsames freies Spielen f\\u00f6rdert die Sozialkompetenz der Kinder. Eine engagierte Mutter leitet diese\\u00a0Treffen, bei Fachfragen ist immer eine Fachkraft vor Ort.<\\\/p>\\n\n\n<p><strong>Elternfortbildungen \\\"Wach, neugierig, klug\\\"<\\\/strong><br \\\/>In der Spiel- und Lerngruppe mit dem Titel \\u201eWach, neugierig, klug \\u2013 kompetente Erwachsene f\\u00fcr Kinder unter drei\\u201c werden Grundthemen der Erziehung angesprochen und wichtiges Basiswissen vermittelt. Die Konzeption wurde von der Bertelsmann Stiftung gemeinsam mit dem Staatsinstitut f\\u00fcr Fr\\u00fchp\\u00e4dagogik entwickelt und der Spielgruppenarbeit angepasst.<\\\/p>\\n\n\n<p>Au\\u00dferdem gibt es Kurse<\\\/p>\\n\n\n<ul>\\n\n\n<li>f\\u00fcr Eltern mit Migrationshintergrund<\\\/li>\\n\n\n<li>f\\u00fcr alle, die interessiert sind<\\\/li>\\n<\\\/ul>\\n\n\n<p><strong>Diese Kurse sind kostenfrei.<\\\/strong><\\\/p>\",\"link\":\"\"}},{\"name\":\"\",\"type\":\"grid_item\",\"props\":{\"title\":\"Das Zeitfenster\",\"content\":\"\n\n<p>des Familien- und Kinderserviceb\\u00fcro Nordenham zeigt die Veranstaltungen des kommenden Monats an und gibt gleichzeitig eine kleine R\\u00fcckschau der k\\u00fcrzlich stattgefundenen Ereignisse.<\\\/p>\\n\n\n<p><strong>Begr\\u00fc\\u00dfungspaket zur Geburt<br \\\/><\\\/strong>Unsere Begr\\u00fc\\u00dfungspakete enthalten au\\u00dfer vielen n\\u00fctzlichen Informationen kleine Geschenke, wie Stricks\\u00f6ckchen, Gutscheine und kleine Geschenke. Die Begr\\u00fc\\u00dfungspakete werden m\\u00f6glich gemacht durch Sponsoren.<\\\/p>\\n\n\n<p><strong>Info-Fr\\u00fchst\\u00fcck f\\u00fcr Kindertagespflegepersonen<br \\\/><\\\/strong>Termine: jeden ersten Mittwoch im Monat<br \\\/>von 9.30 bis 11.30 Uhr<br \\\/>Die einzelnen Themen entnehmen Sie bitte unserem Terminkalender.<\\\/p>\\n\n\n<p>Wir bitten um Anmeldung beim<br \\\/>Familien- und Kinderserviceb\\u00fcro Nordenham, Herbertstra\\u00dfe 3<br \\\/>Tel. 04731-22094<br \\\/><a href=\\\"mailto:fuks-nordenham@dksb-nordenham.de\\\">fuks-nordenham@dksb-nordenham.de<\\\/a><\\\/p>\",\"link\":\"\"}}]}]}],\"props\":{\"match\":false}}]},{\"name\":\"Benefits\",\"type\":\"section\",\"props\":{\"width\":\"large\",\"style\":\"default\",\"image_size\":\"cover\",\"image_position\":\"center-center\",\"vertical_align\":\"middle\",\"title_position\":\"top-left\",\"title_rotation\":\"left\",\"title_breakpoint\":\"xl\"},\"children\":[{\"name\":\"\",\"type\":\"row\",\"children\":[{\"name\":\"\",\"type\":\"column\",\"props\":{\"image_position\":\"center-center\",\"media_overlay_gradient\":\"\",\"width_medium\":\"\"},\"children\":[{\"type\":\"headline\",\"props\":{\"title_element\":\"h1\",\"text_align\":\"center\",\"content\":\"Unser Familien- und Kinderservice Team\"}},{\"name\":\"\",\"type\":\"grid\",\"props\":{\"show_title\":true,\"show_meta\":true,\"show_content\":true,\"show_image\":true,\"show_link\":true,\"grid_default\":\"1\",\"grid_medium\":\"2\",\"title_element\":\"h3\",\"meta_style\":\"meta\",\"meta_align\":\"below-title\",\"image_align\":\"top\",\"image_grid_width\":\"1-2\",\"link_text\":\"Read more\",\"link_style\":\"default\",\"margin\":\"medium\",\"text_align\":\"center\",\"grid_small\":\"2\",\"filter_style\":\"tab\",\"filter_all\":true,\"filter_position\":\"top\",\"filter_align\":\"left\",\"filter_grid_width\":\"auto\",\"title_align\":\"top\",\"title_grid_width\":\"1-2\",\"image_svg_color\":\"emphasis\",\"item_animation\":\"\",\"title_hover_style\":\"reset\",\"grid_column_gap\":\"small\",\"filter_grid_breakpoint\":\"m\",\"title_grid_breakpoint\":\"m\",\"image_grid_breakpoint\":\"m\",\"content_column_breakpoint\":\"m\",\"icon_width\":40,\"meta_element\":\"div\",\"grid_divider\":false,\"grid_masonry\":false,\"content_align\":false,\"grid_column_align\":false,\"panel_content_padding\":\"small\",\"maxwidth\":\"2xlarge\",\"block_align\":\"center\",\"image_width\":\"300\",\"image_height\":\"300\",\"image_border\":\"circle\"},\"children\":[{\"name\":\"\",\"type\":\"grid_item\",\"props\":{\"title\":\"\",\"content\":\"\n\n<p><strong>Annika Tannert<\\\/strong><br \\\/>Familien- und Kinderserviceb\\u00fcro <strong>Brake<\\\/strong><\\\/p>\",\"icon\":\"\",\"image\":\"wp-content\\\/uploads\\\/2021\\\/04\\\/186A1456_.jpg\",\"meta\":\"\"}},{\"name\":\"\",\"type\":\"grid_item\",\"props\":{\"title\":\"\",\"content\":\"\n\n<p><strong>Anja Bauch<\\\/strong><br \\\/>Familien- und Kinderserviceb\\u00fcro <strong>Nordenham<\\\/strong><\\\/p>\",\"icon\":\"\",\"image\":\"wp-content\\\/uploads\\\/2021\\\/04\\\/anja_bauch.jpg\"}}]}]}]}]},{\"name\":\"Call to Action\",\"type\":\"section\",\"props\":{\"width\":\"\",\"padding\":\"none\",\"style\":\"primary\",\"image_size\":\"cover\",\"preserve_color\":true,\"image_position\":\"center-center\",\"vertical_align\":\"middle\",\"title_position\":\"top-left\",\"title_rotation\":\"left\",\"title_breakpoint\":\"xl\"},\"children\":[{\"name\":\"\",\"type\":\"row\",\"props\":{\"layout\":\"1-2,1-2\",\"vertical_align\":false,\"match\":false,\"column_gap\":\"collapse\",\"row_gap\":\"collapse\"},\"children\":[{\"name\":\"\",\"type\":\"column\",\"props\":{\"image_position\":\"center-center\",\"media_overlay_gradient\":\"\",\"style\":\"primary\",\"width_medium\":\"1-2\"},\"children\":[{\"name\":\"\",\"type\":\"panel\",\"props\":{\"title\":\"Familien- und Kinderservice Brake\",\"title_element\":\"h3\",\"text_align\":\"center\",\"panel_size\":\"small\",\"content\":\"\n\n<p>Deutscher Kinderschutzbund<br \\\/>Ortverband Nordenham e.V.<br \\\/>Familien- und Kinderserviceb\\u00fcro<br \\\/>Kindertagespflege<\\\/p>\\n\n\n<p>Breite Str. 118, 26919 Brake<br \\\/>\\u00d6ffnungszeiten: Di 9.00 - 12.00 u. Do 14.00 bis 17.00 Uhr<br \\\/>Telefon: 04401\\\/7049743<br \\\/><a href=\\\"mailto:fuks.brake@dksb-nordenham.de\\\">fuks.brake@dksb-nordenham.de<\\\/a><\\\/p>\",\"link\":\"\",\"link_style\":\"default\",\"link_text\":\"Get in touch\",\"margin\":\"default\",\"image_align\":\"top\",\"image_grid_width\":\"1-2\",\"meta_style\":\"meta\",\"meta_align\":\"below-title\",\"title_align\":\"top\",\"title_grid_width\":\"1-2\",\"image_svg_color\":\"emphasis\",\"title_hover_style\":\"reset\",\"title_grid_breakpoint\":\"m\",\"image_grid_breakpoint\":\"m\",\"icon_width\":80,\"content_column_breakpoint\":\"m\",\"meta_element\":\"div\"}}]},{\"name\":\"\",\"type\":\"column\",\"props\":{\"image_position\":\"center-center\",\"media_overlay_gradient\":\"\",\"style\":\"secondary\",\"width_medium\":\"1-2\"},\"children\":[{\"name\":\"\",\"type\":\"panel\",\"props\":{\"title\":\"FAMILIEN- UND KINDERSERVICE Nordenham\",\"title_element\":\"h3\",\"text_align\":\"center\",\"panel_size\":\"large\",\"content\":\"\n\n<p>Deutscher Kinderschutzbund<br \\\/>Ortverband Nordenham e.V. <br \\\/>Familien- und Kinderserviceb\\u00fcro <br \\\/>Kindertagespflege<\\\/p>\\n\n\n<p>Herbertstra\\u00dfe 3 <br \\\/>26954 Nordenham <br \\\/>\\u00d6ffnungszeiten: Mo-Mi 9.00 bis 12.00 Uhr <br \\\/>Telefon: 04731\\\/22094 <br \\\/><a href=\\\"mailto:fuks.nordenham@dksb-nordenham.de\\\">fuks.nordenham@dksb-nordenham.de<\\\/a><\\\/p>\",\"link\":\"\",\"link_style\":\"default\",\"link_text\":\"Learn more\",\"margin\":\"default\",\"image_align\":\"top\",\"image_grid_width\":\"1-2\",\"meta_style\":\"meta\",\"meta_align\":\"below-title\",\"title_align\":\"top\",\"title_grid_width\":\"1-2\",\"image_svg_color\":\"emphasis\",\"title_hover_style\":\"reset\",\"title_grid_breakpoint\":\"m\",\"image_grid_breakpoint\":\"m\",\"icon_width\":80,\"content_column_breakpoint\":\"m\",\"meta_element\":\"div\"}}]}]}]}],\"version\":\"2.2.5\"} --><\/p>\n","protected":false},"excerpt":{"rendered":"<p>Familien- und Kinderservice-b\u00fcro Die Kindertagespflege hat sich im System der fru\u0308hkindlichen Bildung, Betreuung und Erziehung in den letzten Jahren etabliert. Die familiennahe und flexible Betreuungsform wird immer mehr nachgefragt. Kindertagespflege ist eine gesetzlich anerkannte Betreuungsform, die insbesondere fu\u0308r Kinder unter drei Jahren der Betreuung in einer Kita gleichgestellt ist. Mit ihren familien\u00e4hnlichen Strukturen ist sie [&hellip;]<\/p>\n","protected":false},"author":2,"featured_media":0,"parent":18,"menu_order":0,"comment_status":"closed","ping_status":"closed","template":"","meta":{"footnotes":""},"class_list":["post-163","page","type-page","status-publish","hentry"],"_links":{"self":[{"href":"https:\/\/www.dksb-nordenham.de\/index.php\/wp-json\/wp\/v2\/pages\/163","targetHints":{"allow":["GET"]}}],"collection":[{"href":"https:\/\/www.dksb-nordenham.de\/index.php\/wp-json\/wp\/v2\/pages"}],"about":[{"href":"https:\/\/www.dksb-nordenham.de\/index.php\/wp-json\/wp\/v2\/types\/page"}],"author":[{"embeddable":true,"href":"https:\/\/www.dksb-nordenham.de\/index.php\/wp-json\/wp\/v2\/users\/2"}],"replies":[{"embeddable":true,"href":"https:\/\/www.dksb-nordenham.de\/index.php\/wp-json\/wp\/v2\/comments?post=163"}],"version-history":[{"count":87,"href":"https:\/\/www.dksb-nordenham.de\/index.php\/wp-json\/wp\/v2\/pages\/163\/revisions"}],"predecessor-version":[{"id":1153,"href":"https:\/\/www.dksb-nordenham.de\/index.php\/wp-json\/wp\/v2\/pages\/163\/revisions\/1153"}],"up":[{"embeddable":true,"href":"https:\/\/www.dksb-nordenham.de\/index.php\/wp-json\/wp\/v2\/pages\/18"}],"wp:attachment":[{"href":"https:\/\/www.dksb-nordenham.de\/index.php\/wp-json\/wp\/v2\/media?parent=163"}],"curies":[{"name":"wp","href":"https:\/\/api.w.org\/{rel}","templated":true}]}}