{"id":1186,"date":"2021-06-16T10:06:32","date_gmt":"2021-06-16T10:06:32","guid":{"rendered":"https:\/\/www.dksb-nordenham.de\/?page_id=1186"},"modified":"2023-06-06T13:02:19","modified_gmt":"2023-06-06T13:02:19","slug":"impressum","status":"publish","type":"page","link":"https:\/\/www.dksb-nordenham.de\/index.php\/impressum\/","title":{"rendered":"Impressum"},"content":{"rendered":"\n<h2 class=\"wp-block-heading\">Angaben gem\u00e4\u00df \u00a7 5 TMG<\/h2>\n\n\n\n<p>Deutscher Kinderschutzbund OV Nordenham e.V.<br>Herbertstra\u00dfe 3<br>26954 Nordenham<\/p>\n\n\n\n<p>Vereinsregister: VR 180070<br>Registergericht: Amtsgericht Oldenburg<\/p>\n\n\n\n<p><strong>Vertreten durch:<\/strong><br>Anneke Bessel, Gesch\u00e4ftsf\u00fchrerin<br><br>1. Vorsitzende Anne Allmers<br>2. Vorsitzende Annette Folkmann<br>Schatzmeister: Simon Schierz<\/p>\n\n\n\n<h2 class=\"wp-block-heading\">Kontakt<\/h2>\n\n\n\n<p>Telefon: +49 4731 22094<br>E-Mail: info@dksb-nordenham.de<\/p>\n\n\n\n<h2 class=\"wp-block-heading\">Redaktionell verantwortlich<\/h2>\n\n\n\n<p>Anneke Bessel<br>Herbertstra\u00dfe 3<br>26954 Nordenham<\/p>\n\n\n\n<h2 class=\"wp-block-heading\">Verbraucher\u00adstreit\u00adbeilegung\/Universal\u00adschlichtungs\u00adstelle<\/h2>\n\n\n\n<p>Wir sind nicht bereit oder verpflichtet, an Streitbeilegungsverfahren vor einer Verbraucherschlichtungsstelle teilzunehmen.<\/p>\n","protected":false},"excerpt":{"rendered":"<p>Angaben gem\u00e4\u00df \u00a7 5 TMG Deutscher Kinderschutzbund OV Nordenham e.V.Herbertstra\u00dfe 326954 Nordenham Vereinsregister: VR 180070Registergericht: Amtsgericht Oldenburg Vertreten durch:Anneke Bessel, Gesch\u00e4ftsf\u00fchrerin 1. Vorsitzende Anne Allmers2. Vorsitzende Annette FolkmannSchatzmeister: Simon Schierz Kontakt Telefon: +49 4731 22094E-Mail: info@dksb-nordenham.de Redaktionell verantwortlich Anneke BesselHerbertstra\u00dfe 326954 Nordenham Verbraucher\u00adstreit\u00adbeilegung\/Universal\u00adschlichtungs\u00adstelle Wir sind nicht bereit oder verpflichtet, an Streitbeilegungsverfahren vor einer Verbraucherschlichtungsstelle teilzunehmen.<\/p>\n","protected":false},"author":1,"featured_media":0,"parent":0,"menu_order":0,"comment_status":"closed","ping_status":"closed","template":"","meta":{"footnotes":""},"class_list":["post-1186","page","type-page","status-publish","hentry"],"_links":{"self":[{"href":"https:\/\/www.dksb-nordenham.de\/index.php\/wp-json\/wp\/v2\/pages\/1186","targetHints":{"allow":["GET"]}}],"collection":[{"href":"https:\/\/www.dksb-nordenham.de\/index.php\/wp-json\/wp\/v2\/pages"}],"about":[{"href":"https:\/\/www.dksb-nordenham.de\/index.php\/wp-json\/wp\/v2\/types\/page"}],"author":[{"embeddable":true,"href":"https:\/\/www.dksb-nordenham.de\/index.php\/wp-json\/wp\/v2\/users\/1"}],"replies":[{"embeddable":true,"href":"https:\/\/www.dksb-nordenham.de\/index.php\/wp-json\/wp\/v2\/comments?post=1186"}],"version-history":[{"count":2,"href":"https:\/\/www.dksb-nordenham.de\/index.php\/wp-json\/wp\/v2\/pages\/1186\/revisions"}],"predecessor-version":[{"id":1291,"href":"https:\/\/www.dksb-nordenham.de\/index.php\/wp-json\/wp\/v2\/pages\/1186\/revisions\/1291"}],"wp:attachment":[{"href":"https:\/\/www.dksb-nordenham.de\/index.php\/wp-json\/wp\/v2\/media?parent=1186"}],"curies":[{"name":"wp","href":"https:\/\/api.w.org\/{rel}","templated":true}]}}